{"id":4648,"date":"2025-05-19T17:53:32","date_gmt":"2025-05-19T15:53:32","guid":{"rendered":"https:\/\/www.pontereale.com\/catalogo-de-productos\/"},"modified":"2026-01-28T14:59:05","modified_gmt":"2026-01-28T13:59:05","slug":"catalogo-de-productos","status":"publish","type":"page","link":"https:\/\/www.pontereale.com\/es\/catalogo-de-productos\/","title":{"rendered":"Cat\u00e1logo de productos"},"content":{"rendered":"\t\t<div data-elementor-type=\"wp-page\" data-elementor-id=\"4648\" class=\"elementor elementor-4648 elementor-1551\">\n\t\t\t\t<div class=\"elementor-element elementor-element-4c713ff e-flex e-con-boxed e-con e-parent\" data-id=\"4c713ff\" data-element_type=\"container\" data-e-type=\"container\" data-settings=\"{&quot;background_background&quot;:&quot;classic&quot;}\">\n\t\t\t\t\t<div class=\"e-con-inner\">\n\t\t<div class=\"elementor-element elementor-element-59891d5 e-con-full e-flex e-con e-child\" data-id=\"59891d5\" data-element_type=\"container\" data-e-type=\"container\">\n\t\t\t\t<div class=\"elementor-element elementor-element-16f27e0 elementor-invisible elementor-widget elementor-widget-text-editor\" data-id=\"16f27e0\" data-element_type=\"widget\" data-e-type=\"widget\" data-settings=\"{&quot;_animation&quot;:&quot;fadeIn&quot;}\" data-widget_type=\"text-editor.default\">\n\t\t\t\t<div class=\"elementor-widget-container\">\n\t\t\t\t\t\t\t\t\t<p>Ricos como la leche<\/p>\n\t\t\t\t\t\t\t\t<\/div>\n\t\t\t\t<\/div>\n\t\t\t\t<\/div>\n\t\t<div class=\"elementor-element elementor-element-08a99ed e-con-full e-flex e-con e-child\" data-id=\"08a99ed\" data-element_type=\"container\" data-e-type=\"container\">\n\t\t<div class=\"elementor-element elementor-element-9627afb e-con-full e-flex e-con e-child\" data-id=\"9627afb\" data-element_type=\"container\" data-e-type=\"container\">\n\t\t\t\t<div class=\"elementor-element elementor-element-ab312a1 elementor-invisible elementor-widget elementor-widget-image\" data-id=\"ab312a1\" data-element_type=\"widget\" data-e-type=\"widget\" data-settings=\"{&quot;_animation&quot;:&quot;bounceIn&quot;}\" data-widget_type=\"image.default\">\n\t\t\t\t<div class=\"elementor-widget-container\">\n\t\t\t\t\t\t\t\t\t\t\t\t\t\t\t\t<a href=\"https:\/\/www.pontereale.com\/es\/catalogo-de-productos\/mozzarella-de-bufala-campana-dop\/\">\n\t\t\t\t\t\t\t<img fetchpriority=\"high\" decoding=\"async\" width=\"1080\" height=\"1080\" src=\"https:\/\/www.pontereale.com\/wp-content\/uploads\/2025\/03\/dop-bufala-200g.webp\" class=\"attachment-full size-full wp-image-4650\" alt=\"Mozzarella de B\u00fafala Campana DOP - 200g - Queser\u00eda Ponte Reale\" srcset=\"https:\/\/www.pontereale.com\/wp-content\/uploads\/2025\/03\/dop-bufala-200g.webp 1080w, https:\/\/www.pontereale.com\/wp-content\/uploads\/2025\/03\/dop-bufala-200g-300x300.webp 300w, https:\/\/www.pontereale.com\/wp-content\/uploads\/2025\/03\/dop-bufala-200g-100x100.webp 100w, https:\/\/www.pontereale.com\/wp-content\/uploads\/2025\/03\/dop-bufala-200g-600x600.webp 600w, https:\/\/www.pontereale.com\/wp-content\/uploads\/2025\/03\/dop-bufala-200g-1024x1024.webp 1024w, https:\/\/www.pontereale.com\/wp-content\/uploads\/2025\/03\/dop-bufala-200g-150x150.webp 150w, https:\/\/www.pontereale.com\/wp-content\/uploads\/2025\/03\/dop-bufala-200g-768x768.webp 768w, https:\/\/www.pontereale.com\/wp-content\/uploads\/2025\/03\/dop-bufala-200g-500x500.webp 500w\" sizes=\"(max-width: 1080px) 100vw, 1080px\" \/>\t\t\t\t\t\t\t\t<\/a>\n\t\t\t\t\t\t\t\t\t\t\t\t\t\t\t<\/div>\n\t\t\t\t<\/div>\n\t\t\t\t<div class=\"elementor-element elementor-element-2497583 elementor-invisible elementor-widget elementor-widget-heading\" data-id=\"2497583\" data-element_type=\"widget\" data-e-type=\"widget\" data-settings=\"{&quot;_animation&quot;:&quot;fadeIn&quot;}\" data-widget_type=\"heading.default\">\n\t\t\t\t<div class=\"elementor-widget-container\">\n\t\t\t\t\t<h2 class=\"elementor-heading-title elementor-size-default\"><a href=\"https:\/\/www.pontereale.com\/es\/catalogo-de-productos\/mozzarella-de-bufala-campana-dop\/\">Mozzarella de B\u00fafala Campana DOP<\/a><\/h2>\t\t\t\t<\/div>\n\t\t\t\t<\/div>\n\t\t\t\t<\/div>\n\t\t<div class=\"elementor-element elementor-element-edbd3b3 e-con-full e-flex e-con e-child\" data-id=\"edbd3b3\" data-element_type=\"container\" data-e-type=\"container\">\n\t\t\t\t<div class=\"elementor-element elementor-element-9f3d2b6 elementor-invisible elementor-widget elementor-widget-image\" data-id=\"9f3d2b6\" data-element_type=\"widget\" data-e-type=\"widget\" data-settings=\"{&quot;_animation&quot;:&quot;bounceIn&quot;}\" data-widget_type=\"image.default\">\n\t\t\t\t<div class=\"elementor-widget-container\">\n\t\t\t\t\t\t\t\t\t\t\t\t\t\t\t\t<a href=\"https:\/\/www.pontereale.com\/es\/catalogo-de-productos\/burrata-de-bufala\/\">\n\t\t\t\t\t\t\t<img decoding=\"async\" width=\"1080\" height=\"1080\" src=\"https:\/\/www.pontereale.com\/wp-content\/uploads\/2025\/04\/burrata-125g.webp\" class=\"attachment-full size-full wp-image-4651\" alt=\"Burrata 100% leche de b\u00fafala - 125g - Ponte Reale\" srcset=\"https:\/\/www.pontereale.com\/wp-content\/uploads\/2025\/04\/burrata-125g.webp 1080w, https:\/\/www.pontereale.com\/wp-content\/uploads\/2025\/04\/burrata-125g-300x300.webp 300w, https:\/\/www.pontereale.com\/wp-content\/uploads\/2025\/04\/burrata-125g-100x100.webp 100w, https:\/\/www.pontereale.com\/wp-content\/uploads\/2025\/04\/burrata-125g-600x600.webp 600w, https:\/\/www.pontereale.com\/wp-content\/uploads\/2025\/04\/burrata-125g-1024x1024.webp 1024w, https:\/\/www.pontereale.com\/wp-content\/uploads\/2025\/04\/burrata-125g-150x150.webp 150w, https:\/\/www.pontereale.com\/wp-content\/uploads\/2025\/04\/burrata-125g-768x768.webp 768w, https:\/\/www.pontereale.com\/wp-content\/uploads\/2025\/04\/burrata-125g-500x500.webp 500w\" sizes=\"(max-width: 1080px) 100vw, 1080px\" \/>\t\t\t\t\t\t\t\t<\/a>\n\t\t\t\t\t\t\t\t\t\t\t\t\t\t\t<\/div>\n\t\t\t\t<\/div>\n\t\t\t\t<div class=\"elementor-element elementor-element-89612bf elementor-invisible elementor-widget elementor-widget-heading\" data-id=\"89612bf\" data-element_type=\"widget\" data-e-type=\"widget\" data-settings=\"{&quot;_animation&quot;:&quot;fadeIn&quot;}\" data-widget_type=\"heading.default\">\n\t\t\t\t<div class=\"elementor-widget-container\">\n\t\t\t\t\t<h2 class=\"elementor-heading-title elementor-size-default\"><a href=\"https:\/\/www.pontereale.com\/es\/catalogo-de-productos\/burrata-de-bufala\/\">Burrata de b\u00fafala<\/a><\/h2>\t\t\t\t<\/div>\n\t\t\t\t<\/div>\n\t\t\t\t<\/div>\n\t\t<div class=\"elementor-element elementor-element-3d13885 e-con-full e-flex e-con e-child\" data-id=\"3d13885\" data-element_type=\"container\" data-e-type=\"container\">\n\t\t\t\t<div class=\"elementor-element elementor-element-1765edc elementor-invisible elementor-widget elementor-widget-image\" data-id=\"1765edc\" data-element_type=\"widget\" data-e-type=\"widget\" data-settings=\"{&quot;_animation&quot;:&quot;bounceIn&quot;}\" data-widget_type=\"image.default\">\n\t\t\t\t<div class=\"elementor-widget-container\">\n\t\t\t\t\t\t\t\t\t\t\t\t\t\t\t\t<a href=\"https:\/\/www.pontereale.com\/es\/catalogo-de-productos\/burrata-y-stracciatella\/\">\n\t\t\t\t\t\t\t<img decoding=\"async\" width=\"1080\" height=\"1080\" src=\"https:\/\/www.pontereale.com\/wp-content\/uploads\/2025\/04\/stracciatella-400g-1.webp\" class=\"attachment-full size-full wp-image-4652\" alt=\"Stracciatella de leche 100% italiana - 400g - Ponte Reale\" srcset=\"https:\/\/www.pontereale.com\/wp-content\/uploads\/2025\/04\/stracciatella-400g-1.webp 1080w, https:\/\/www.pontereale.com\/wp-content\/uploads\/2025\/04\/stracciatella-400g-1-300x300.webp 300w, https:\/\/www.pontereale.com\/wp-content\/uploads\/2025\/04\/stracciatella-400g-1-100x100.webp 100w, https:\/\/www.pontereale.com\/wp-content\/uploads\/2025\/04\/stracciatella-400g-1-600x600.webp 600w, https:\/\/www.pontereale.com\/wp-content\/uploads\/2025\/04\/stracciatella-400g-1-1024x1024.webp 1024w, https:\/\/www.pontereale.com\/wp-content\/uploads\/2025\/04\/stracciatella-400g-1-150x150.webp 150w, https:\/\/www.pontereale.com\/wp-content\/uploads\/2025\/04\/stracciatella-400g-1-768x768.webp 768w, https:\/\/www.pontereale.com\/wp-content\/uploads\/2025\/04\/stracciatella-400g-1-500x500.webp 500w\" sizes=\"(max-width: 1080px) 100vw, 1080px\" \/>\t\t\t\t\t\t\t\t<\/a>\n\t\t\t\t\t\t\t\t\t\t\t\t\t\t\t<\/div>\n\t\t\t\t<\/div>\n\t\t\t\t<div class=\"elementor-element elementor-element-d0544bf elementor-invisible elementor-widget elementor-widget-heading\" data-id=\"d0544bf\" data-element_type=\"widget\" data-e-type=\"widget\" data-settings=\"{&quot;_animation&quot;:&quot;fadeIn&quot;}\" data-widget_type=\"heading.default\">\n\t\t\t\t<div class=\"elementor-widget-container\">\n\t\t\t\t\t<h2 class=\"elementor-heading-title elementor-size-default\"><a href=\"https:\/\/www.pontereale.com\/es\/catalogo-de-productos\/burrata-y-stracciatella\/\">Burrata y Stracciatella<\/a><\/h2>\t\t\t\t<\/div>\n\t\t\t\t<\/div>\n\t\t\t\t<\/div>\n\t\t<div class=\"elementor-element elementor-element-fc501dc e-con-full e-flex e-con e-child\" data-id=\"fc501dc\" data-element_type=\"container\" data-e-type=\"container\">\n\t\t\t\t<div class=\"elementor-element elementor-element-1cd4f3e elementor-invisible elementor-widget elementor-widget-image\" data-id=\"1cd4f3e\" data-element_type=\"widget\" data-e-type=\"widget\" data-settings=\"{&quot;_animation&quot;:&quot;bounceIn&quot;}\" data-widget_type=\"image.default\">\n\t\t\t\t<div class=\"elementor-widget-container\">\n\t\t\t\t\t\t\t\t\t\t\t\t\t\t\t\t<a href=\"https:\/\/www.pontereale.com\/es\/catalogo-de-productos\/mozzarella-de-bufala-campana-dop-organica\/\">\n\t\t\t\t\t\t\t<img loading=\"lazy\" decoding=\"async\" width=\"1080\" height=\"1080\" src=\"https:\/\/www.pontereale.com\/wp-content\/uploads\/2025\/04\/dop-bufala-bio-5x25g.webp\" class=\"attachment-full size-full wp-image-4653\" alt=\"Mozzarella de B\u00fafala Campana DOP - Org\u00e1nico - 5x25g - Queser\u00eda Ponte Reale\" srcset=\"https:\/\/www.pontereale.com\/wp-content\/uploads\/2025\/04\/dop-bufala-bio-5x25g.webp 1080w, https:\/\/www.pontereale.com\/wp-content\/uploads\/2025\/04\/dop-bufala-bio-5x25g-300x300.webp 300w, https:\/\/www.pontereale.com\/wp-content\/uploads\/2025\/04\/dop-bufala-bio-5x25g-100x100.webp 100w, https:\/\/www.pontereale.com\/wp-content\/uploads\/2025\/04\/dop-bufala-bio-5x25g-600x600.webp 600w, https:\/\/www.pontereale.com\/wp-content\/uploads\/2025\/04\/dop-bufala-bio-5x25g-1024x1024.webp 1024w, https:\/\/www.pontereale.com\/wp-content\/uploads\/2025\/04\/dop-bufala-bio-5x25g-150x150.webp 150w, https:\/\/www.pontereale.com\/wp-content\/uploads\/2025\/04\/dop-bufala-bio-5x25g-768x768.webp 768w, https:\/\/www.pontereale.com\/wp-content\/uploads\/2025\/04\/dop-bufala-bio-5x25g-500x500.webp 500w\" sizes=\"(max-width: 1080px) 100vw, 1080px\" \/>\t\t\t\t\t\t\t\t<\/a>\n\t\t\t\t\t\t\t\t\t\t\t\t\t\t\t<\/div>\n\t\t\t\t<\/div>\n\t\t\t\t<div class=\"elementor-element elementor-element-306f21a elementor-invisible elementor-widget elementor-widget-heading\" data-id=\"306f21a\" data-element_type=\"widget\" data-e-type=\"widget\" data-settings=\"{&quot;_animation&quot;:&quot;fadeIn&quot;}\" data-widget_type=\"heading.default\">\n\t\t\t\t<div class=\"elementor-widget-container\">\n\t\t\t\t\t<h2 class=\"elementor-heading-title elementor-size-default\"><a href=\"https:\/\/www.pontereale.com\/es\/catalogo-de-productos\/mozzarella-de-bufala-campana-dop-organica\/\">Mozzarella de B\u00fafala Campana DOP Org\u00e1nica<\/a><\/h2>\t\t\t\t<\/div>\n\t\t\t\t<\/div>\n\t\t\t\t<\/div>\n\t\t<div class=\"elementor-element elementor-element-7e235ce e-con-full e-flex e-con e-child\" data-id=\"7e235ce\" data-element_type=\"container\" data-e-type=\"container\">\n\t\t\t\t<div class=\"elementor-element elementor-element-9fc0d1a elementor-invisible elementor-widget elementor-widget-image\" data-id=\"9fc0d1a\" data-element_type=\"widget\" data-e-type=\"widget\" data-settings=\"{&quot;_animation&quot;:&quot;bounceIn&quot;}\" data-widget_type=\"image.default\">\n\t\t\t\t<div class=\"elementor-widget-container\">\n\t\t\t\t\t\t\t\t\t\t\t\t\t\t\t\t<a href=\"https:\/\/www.pontereale.com\/es\/catalogo-de-productos\/mozzarella-de-bufala-campana-dop-sin-lactosa\/\">\n\t\t\t\t\t\t\t<img loading=\"lazy\" decoding=\"async\" width=\"1080\" height=\"1080\" src=\"https:\/\/www.pontereale.com\/wp-content\/uploads\/2025\/04\/dop-bufala-sl-125g.webp\" class=\"attachment-full size-full wp-image-4654\" alt=\"Mozzarella de B\u00fafala Campana org\u00e1nica DOP Sin Lactosa - vaso 1x125g - Ponte Reale\" srcset=\"https:\/\/www.pontereale.com\/wp-content\/uploads\/2025\/04\/dop-bufala-sl-125g.webp 1080w, https:\/\/www.pontereale.com\/wp-content\/uploads\/2025\/04\/dop-bufala-sl-125g-300x300.webp 300w, https:\/\/www.pontereale.com\/wp-content\/uploads\/2025\/04\/dop-bufala-sl-125g-100x100.webp 100w, https:\/\/www.pontereale.com\/wp-content\/uploads\/2025\/04\/dop-bufala-sl-125g-600x600.webp 600w, https:\/\/www.pontereale.com\/wp-content\/uploads\/2025\/04\/dop-bufala-sl-125g-1024x1024.webp 1024w, https:\/\/www.pontereale.com\/wp-content\/uploads\/2025\/04\/dop-bufala-sl-125g-150x150.webp 150w, https:\/\/www.pontereale.com\/wp-content\/uploads\/2025\/04\/dop-bufala-sl-125g-768x768.webp 768w, https:\/\/www.pontereale.com\/wp-content\/uploads\/2025\/04\/dop-bufala-sl-125g-500x500.webp 500w\" sizes=\"(max-width: 1080px) 100vw, 1080px\" \/>\t\t\t\t\t\t\t\t<\/a>\n\t\t\t\t\t\t\t\t\t\t\t\t\t\t\t<\/div>\n\t\t\t\t<\/div>\n\t\t\t\t<div class=\"elementor-element elementor-element-456ba34 elementor-invisible elementor-widget elementor-widget-heading\" data-id=\"456ba34\" data-element_type=\"widget\" data-e-type=\"widget\" data-settings=\"{&quot;_animation&quot;:&quot;fadeIn&quot;}\" data-widget_type=\"heading.default\">\n\t\t\t\t<div class=\"elementor-widget-container\">\n\t\t\t\t\t<h2 class=\"elementor-heading-title elementor-size-default\"><a href=\"https:\/\/www.pontereale.com\/es\/catalogo-de-productos\/mozzarella-de-bufala-campana-dop-sin-lactosa\/\">Mozzarella de B\u00fafala Campana DOP Sin Lactosa<\/a><\/h2>\t\t\t\t<\/div>\n\t\t\t\t<\/div>\n\t\t\t\t<\/div>\n\t\t<div class=\"elementor-element elementor-element-63dcf24 e-con-full e-flex e-con e-child\" data-id=\"63dcf24\" data-element_type=\"container\" data-e-type=\"container\">\n\t\t\t\t<div class=\"elementor-element elementor-element-2c62d6b elementor-invisible elementor-widget elementor-widget-image\" data-id=\"2c62d6b\" data-element_type=\"widget\" data-e-type=\"widget\" data-settings=\"{&quot;_animation&quot;:&quot;bounceIn&quot;}\" data-widget_type=\"image.default\">\n\t\t\t\t<div class=\"elementor-widget-container\">\n\t\t\t\t\t\t\t\t\t\t\t\t\t\t\t\t<a href=\"https:\/\/www.pontereale.com\/es\/catalogo-de-productos\/otros-quesos\/\">\n\t\t\t\t\t\t\t<img loading=\"lazy\" decoding=\"async\" width=\"1080\" height=\"1080\" src=\"https:\/\/www.pontereale.com\/wp-content\/uploads\/2025\/10\/camembert-bufala-1x250g.webp\" class=\"attachment-full size-full wp-image-4655\" alt=\"Camembert de b\u00fafalo - 1x250g - Ponte Reale\" srcset=\"https:\/\/www.pontereale.com\/wp-content\/uploads\/2025\/10\/camembert-bufala-1x250g.webp 1080w, https:\/\/www.pontereale.com\/wp-content\/uploads\/2025\/10\/camembert-bufala-1x250g-300x300.webp 300w, https:\/\/www.pontereale.com\/wp-content\/uploads\/2025\/10\/camembert-bufala-1x250g-100x100.webp 100w, https:\/\/www.pontereale.com\/wp-content\/uploads\/2025\/10\/camembert-bufala-1x250g-600x600.webp 600w, https:\/\/www.pontereale.com\/wp-content\/uploads\/2025\/10\/camembert-bufala-1x250g-1024x1024.webp 1024w, https:\/\/www.pontereale.com\/wp-content\/uploads\/2025\/10\/camembert-bufala-1x250g-150x150.webp 150w, https:\/\/www.pontereale.com\/wp-content\/uploads\/2025\/10\/camembert-bufala-1x250g-768x768.webp 768w, https:\/\/www.pontereale.com\/wp-content\/uploads\/2025\/10\/camembert-bufala-1x250g-500x500.webp 500w\" sizes=\"(max-width: 1080px) 100vw, 1080px\" \/>\t\t\t\t\t\t\t\t<\/a>\n\t\t\t\t\t\t\t\t\t\t\t\t\t\t\t<\/div>\n\t\t\t\t<\/div>\n\t\t\t\t<div class=\"elementor-element elementor-element-6ff5944 elementor-invisible elementor-widget elementor-widget-heading\" data-id=\"6ff5944\" data-element_type=\"widget\" data-e-type=\"widget\" data-settings=\"{&quot;_animation&quot;:&quot;fadeIn&quot;}\" data-widget_type=\"heading.default\">\n\t\t\t\t<div class=\"elementor-widget-container\">\n\t\t\t\t\t<h2 class=\"elementor-heading-title elementor-size-default\"><a href=\"https:\/\/www.pontereale.com\/es\/catalogo-de-productos\/otros-quesos\/\">Otros quesos<\/a><\/h2>\t\t\t\t<\/div>\n\t\t\t\t<\/div>\n\t\t\t\t<\/div>\n\t\t\t\t<\/div>\n\t\t\t\t\t<\/div>\n\t\t\t\t<\/div>\n\t\t\t\t<\/div>\n\t\t","protected":false},"excerpt":{"rendered":"<p>Ricos como la leche Mozzarella de B\u00fafala Campana DOP Burrata de b\u00fafala Burrata y Stracciatella Mozzarella de B\u00fafala Campana DOP Org\u00e1nica Mozzarella de B\u00fafala Campana DOP Sin Lactosa Otros quesos<\/p>\n","protected":false},"author":1,"featured_media":0,"parent":0,"menu_order":0,"comment_status":"closed","ping_status":"closed","template":"elementor_header_footer","meta":{"_acf_changed":false,"footnotes":""},"class_list":["post-4648","page","type-page","status-publish","hentry"],"acf":[],"_links":{"self":[{"href":"https:\/\/www.pontereale.com\/es\/wp-json\/wp\/v2\/pages\/4648","targetHints":{"allow":["GET"]}}],"collection":[{"href":"https:\/\/www.pontereale.com\/es\/wp-json\/wp\/v2\/pages"}],"about":[{"href":"https:\/\/www.pontereale.com\/es\/wp-json\/wp\/v2\/types\/page"}],"author":[{"embeddable":true,"href":"https:\/\/www.pontereale.com\/es\/wp-json\/wp\/v2\/users\/1"}],"replies":[{"embeddable":true,"href":"https:\/\/www.pontereale.com\/es\/wp-json\/wp\/v2\/comments?post=4648"}],"version-history":[{"count":0,"href":"https:\/\/www.pontereale.com\/es\/wp-json\/wp\/v2\/pages\/4648\/revisions"}],"wp:attachment":[{"href":"https:\/\/www.pontereale.com\/es\/wp-json\/wp\/v2\/media?parent=4648"}],"curies":[{"name":"wp","href":"https:\/\/api.w.org\/{rel}","templated":true}]}}