{"id":4689,"date":"2025-05-13T15:07:13","date_gmt":"2025-05-13T13:07:13","guid":{"rendered":"https:\/\/www.pontereale.com\/naturalmente-perfecta-perfectamente-natural\/"},"modified":"2026-01-28T15:00:41","modified_gmt":"2026-01-28T14:00:41","slug":"naturalmente-perfecta-perfectamente-natural","status":"publish","type":"page","link":"https:\/\/www.pontereale.com\/es\/naturalmente-perfecta-perfectamente-natural\/","title":{"rendered":"Naturalmente perfecta, perfectamente natural"},"content":{"rendered":"\t\t<div data-elementor-type=\"wp-page\" data-elementor-id=\"4689\" class=\"elementor elementor-4689 elementor-1065\">\n\t\t\t\t<div class=\"elementor-element elementor-element-6559e6f e-flex e-con-boxed e-con e-parent\" data-id=\"6559e6f\" data-element_type=\"container\" data-e-type=\"container\" data-settings=\"{&quot;background_background&quot;:&quot;classic&quot;}\">\n\t\t\t\t\t<div class=\"e-con-inner\">\n\t\t<div class=\"elementor-element elementor-element-abad24f e-con-full e-flex e-con e-child\" data-id=\"abad24f\" data-element_type=\"container\" data-e-type=\"container\">\n\t\t\t\t<div class=\"elementor-element elementor-element-2c6d99b elementor-invisible elementor-widget elementor-widget-text-editor\" data-id=\"2c6d99b\" data-element_type=\"widget\" data-e-type=\"widget\" data-settings=\"{&quot;_animation&quot;:&quot;fadeIn&quot;}\" data-widget_type=\"text-editor.default\">\n\t\t\t\t<div class=\"elementor-widget-container\">\n\t\t\t\t\t\t\t\t\t<p>Naturalmente perfecta, perfectamente natural.<\/p>\n\t\t\t\t\t\t\t\t<\/div>\n\t\t\t\t<\/div>\n\t\t\t\t<\/div>\n\t\t<div class=\"elementor-element elementor-element-1f9faf1 e-con-full e-flex e-con e-child\" data-id=\"1f9faf1\" data-element_type=\"container\" data-e-type=\"container\">\n\t\t<div class=\"elementor-element elementor-element-73b6221 e-con-full e-flex e-con e-child\" data-id=\"73b6221\" data-element_type=\"container\" data-e-type=\"container\">\n\t\t\t\t<div class=\"elementor-element elementor-element-9b5ad47 elementor-invisible elementor-widget elementor-widget-heading\" data-id=\"9b5ad47\" data-element_type=\"widget\" data-e-type=\"widget\" data-settings=\"{&quot;_animation&quot;:&quot;fadeIn&quot;}\" data-widget_type=\"heading.default\">\n\t\t\t\t<div class=\"elementor-widget-container\">\n\t\t\t\t\t<h2 class=\"elementor-heading-title elementor-size-default\">Nuestro Mandamiento<\/h2>\t\t\t\t<\/div>\n\t\t\t\t<\/div>\n\t\t\t\t<div class=\"elementor-element elementor-element-52eb1c3 elementor-invisible elementor-widget elementor-widget-text-editor\" data-id=\"52eb1c3\" data-element_type=\"widget\" data-e-type=\"widget\" data-settings=\"{&quot;_animation&quot;:&quot;fadeIn&quot;}\" data-widget_type=\"text-editor.default\">\n\t\t\t\t<div class=\"elementor-widget-container\">\n\t\t\t\t\t\t\t\t\t<p>Para nosotros, el respeto absoluto por la cadena de suministro no es solo una frase para insertar en nuestra presentaci\u00f3n, sino un verdadero mandamiento: el producto requiere lo que llamamos perfecci\u00f3n natural, desde el principio hasta el final.<\/p>\n\t\t\t\t\t\t\t\t<\/div>\n\t\t\t\t<\/div>\n\t\t\t\t<\/div>\n\t\t<div class=\"elementor-element elementor-element-75e7012 e-con-full e-flex e-con e-child\" data-id=\"75e7012\" data-element_type=\"container\" data-e-type=\"container\">\n\t\t\t\t<div class=\"elementor-element elementor-element-98b234b e-transform elementor-widget elementor-widget-image\" data-id=\"98b234b\" data-element_type=\"widget\" data-e-type=\"widget\" data-settings=\"{&quot;raven_motion_effects_mouse&quot;:&quot;yes&quot;,&quot;raven_motion_effects_mouseTrack_fx&quot;:&quot;yes&quot;,&quot;raven_motion_effects_mouseTrack_fx_direction&quot;:&quot;parallel&quot;,&quot;raven_motion_effects_mouseTrack_fx_intensity&quot;:{&quot;unit&quot;:&quot;px&quot;,&quot;size&quot;:0.5,&quot;sizes&quot;:[]},&quot;_transform_rotateZ_effect&quot;:{&quot;unit&quot;:&quot;px&quot;,&quot;size&quot;:-5,&quot;sizes&quot;:[]},&quot;_transform_rotateZ_effect_widescreen&quot;:{&quot;unit&quot;:&quot;deg&quot;,&quot;size&quot;:&quot;&quot;,&quot;sizes&quot;:[]},&quot;_transform_rotateZ_effect_laptop&quot;:{&quot;unit&quot;:&quot;deg&quot;,&quot;size&quot;:&quot;&quot;,&quot;sizes&quot;:[]},&quot;_transform_rotateZ_effect_tablet_extra&quot;:{&quot;unit&quot;:&quot;deg&quot;,&quot;size&quot;:&quot;&quot;,&quot;sizes&quot;:[]},&quot;_transform_rotateZ_effect_tablet&quot;:{&quot;unit&quot;:&quot;deg&quot;,&quot;size&quot;:&quot;&quot;,&quot;sizes&quot;:[]},&quot;_transform_rotateZ_effect_mobile_extra&quot;:{&quot;unit&quot;:&quot;deg&quot;,&quot;size&quot;:&quot;&quot;,&quot;sizes&quot;:[]},&quot;_transform_rotateZ_effect_mobile&quot;:{&quot;unit&quot;:&quot;deg&quot;,&quot;size&quot;:&quot;&quot;,&quot;sizes&quot;:[]}}\" data-widget_type=\"image.default\">\n\t\t\t\t<div class=\"elementor-widget-container\">\n\t\t\t\t\t\t\t\t\t\t\t\t\t\t\t<img fetchpriority=\"high\" decoding=\"async\" width=\"1200\" height=\"400\" src=\"https:\/\/www.pontereale.com\/wp-content\/uploads\/2025\/05\/aereo.webp\" class=\"attachment-full size-full wp-image-4691\" alt=\"\" srcset=\"https:\/\/www.pontereale.com\/wp-content\/uploads\/2025\/05\/aereo.webp 1200w, https:\/\/www.pontereale.com\/wp-content\/uploads\/2025\/05\/aereo-600x200.webp 600w, https:\/\/www.pontereale.com\/wp-content\/uploads\/2025\/05\/aereo-300x100.webp 300w, https:\/\/www.pontereale.com\/wp-content\/uploads\/2025\/05\/aereo-1024x341.webp 1024w, https:\/\/www.pontereale.com\/wp-content\/uploads\/2025\/05\/aereo-768x256.webp 768w\" sizes=\"(max-width: 1200px) 100vw, 1200px\" \/>\t\t\t\t\t\t\t\t\t\t\t\t\t\t\t<\/div>\n\t\t\t\t<\/div>\n\t\t\t\t<\/div>\n\t\t\t\t<\/div>\n\t\t<div class=\"elementor-element elementor-element-7f41361 e-con-full e-flex e-con e-child\" data-id=\"7f41361\" data-element_type=\"container\" data-e-type=\"container\">\n\t\t<div class=\"elementor-element elementor-element-55784c5 e-con-full e-flex e-con e-child\" data-id=\"55784c5\" data-element_type=\"container\" data-e-type=\"container\">\n\t\t\t\t<div class=\"elementor-element elementor-element-644df99 elementor-widget elementor-widget-image\" data-id=\"644df99\" data-element_type=\"widget\" data-e-type=\"widget\" data-settings=\"{&quot;raven_motion_effects_scrolling&quot;:&quot;yes&quot;,&quot;raven_motion_effects_scale_fx&quot;:&quot;yes&quot;,&quot;raven_motion_effects_scale_fx_intensity&quot;:{&quot;unit&quot;:&quot;px&quot;,&quot;size&quot;:2,&quot;sizes&quot;:[]},&quot;raven_motion_effects_scale_fx_direction&quot;:&quot;out-in&quot;,&quot;raven_motion_effects_scale_fx_viewport&quot;:{&quot;unit&quot;:&quot;%&quot;,&quot;size&quot;:&quot;&quot;,&quot;sizes&quot;:{&quot;start&quot;:20,&quot;end&quot;:80}},&quot;raven_motion_effects_devices&quot;:[&quot;widescreen&quot;,&quot;desktop&quot;,&quot;laptop&quot;,&quot;tablet_extra&quot;,&quot;tablet&quot;,&quot;mobile_extra&quot;,&quot;mobile&quot;]}\" data-widget_type=\"image.default\">\n\t\t\t\t<div class=\"elementor-widget-container\">\n\t\t\t\t\t\t\t\t\t\t\t\t\t\t\t<img decoding=\"async\" width=\"1200\" height=\"1000\" src=\"https:\/\/www.pontereale.com\/wp-content\/uploads\/2025\/05\/bufala-sdraio.webp\" class=\"attachment-full size-full wp-image-4616\" alt=\"\" srcset=\"https:\/\/www.pontereale.com\/wp-content\/uploads\/2025\/05\/bufala-sdraio.webp 1200w, https:\/\/www.pontereale.com\/wp-content\/uploads\/2025\/05\/bufala-sdraio-600x500.webp 600w, https:\/\/www.pontereale.com\/wp-content\/uploads\/2025\/05\/bufala-sdraio-300x250.webp 300w, https:\/\/www.pontereale.com\/wp-content\/uploads\/2025\/05\/bufala-sdraio-1024x853.webp 1024w, https:\/\/www.pontereale.com\/wp-content\/uploads\/2025\/05\/bufala-sdraio-768x640.webp 768w\" sizes=\"(max-width: 1200px) 100vw, 1200px\" \/>\t\t\t\t\t\t\t\t\t\t\t\t\t\t\t<\/div>\n\t\t\t\t<\/div>\n\t\t\t\t<\/div>\n\t\t<div class=\"elementor-element elementor-element-b937ab4 e-con-full e-flex e-con e-child\" data-id=\"b937ab4\" data-element_type=\"container\" data-e-type=\"container\">\n\t\t\t\t<div class=\"elementor-element elementor-element-c78e0c6 elementor-invisible elementor-widget elementor-widget-heading\" data-id=\"c78e0c6\" data-element_type=\"widget\" data-e-type=\"widget\" data-settings=\"{&quot;_animation&quot;:&quot;fadeIn&quot;}\" data-widget_type=\"heading.default\">\n\t\t\t\t<div class=\"elementor-widget-container\">\n\t\t\t\t\t<h2 class=\"elementor-heading-title elementor-size-default\">Cumplimos Nuestras Promesas<\/h2>\t\t\t\t<\/div>\n\t\t\t\t<\/div>\n\t\t\t\t<div class=\"elementor-element elementor-element-90b13dd elementor-invisible elementor-widget elementor-widget-text-editor\" data-id=\"90b13dd\" data-element_type=\"widget\" data-e-type=\"widget\" data-settings=\"{&quot;_animation&quot;:&quot;fadeIn&quot;}\" data-widget_type=\"text-editor.default\">\n\t\t\t\t<div class=\"elementor-widget-container\">\n\t\t\t\t\t\t\t\t\t<p>Nuestros animales son nuestro mayor tesoro. Si est\u00e1n bien, si comen lo que cultivamos, si la tierra que cultivamos descansa como debe y prospera, si cumplimos estas promesas, la leche ser\u00e1 buena. Ser\u00e1 naturalmente perfecta y perfectamente natural.<\/p>\n\t\t\t\t\t\t\t\t<\/div>\n\t\t\t\t<\/div>\n\t\t\t\t<\/div>\n\t\t\t\t<\/div>\n\t\t<div class=\"elementor-element elementor-element-b79c39c e-con-full e-flex e-con e-child\" data-id=\"b79c39c\" data-element_type=\"container\" data-e-type=\"container\">\n\t\t<div class=\"elementor-element elementor-element-8001ff4 e-con-full e-flex e-con e-child\" data-id=\"8001ff4\" data-element_type=\"container\" data-e-type=\"container\">\n\t\t\t\t<div class=\"elementor-element elementor-element-dcacf1d elementor-invisible elementor-widget elementor-widget-heading\" data-id=\"dcacf1d\" data-element_type=\"widget\" data-e-type=\"widget\" data-settings=\"{&quot;_animation&quot;:&quot;fadeIn&quot;}\" data-widget_type=\"heading.default\">\n\t\t\t\t<div class=\"elementor-widget-container\">\n\t\t\t\t\t<h2 class=\"elementor-heading-title elementor-size-default\">M\u00e9todo Org\u00e1nico Certificado<\/h2>\t\t\t\t<\/div>\n\t\t\t\t<\/div>\n\t\t\t\t<div class=\"elementor-element elementor-element-22eac4f elementor-invisible elementor-widget elementor-widget-text-editor\" data-id=\"22eac4f\" data-element_type=\"widget\" data-e-type=\"widget\" data-settings=\"{&quot;_animation&quot;:&quot;fadeIn&quot;}\" data-widget_type=\"text-editor.default\">\n\t\t\t\t<div class=\"elementor-widget-container\">\n\t\t\t\t\t\t\t\t\t<p>Solo as\u00ed nos convertimos en los primeros de nuestro sector en obtener el <strong>m\u00e9todo org\u00e1nico certificado<\/strong>. Una certificaci\u00f3n que, al trabajar con principios absolutos, nos exige no solo cumplir con un est\u00e1ndar medio, sino alcanzar el 100% de uso de sustancias naturales. Esto implica excluir sustancias de s\u00edntesis qu\u00edmica \u2014como abonos, herbicidas e insecticidas\u2014 y garantizar, por encima de todo, el bienestar animal.<\/p>\n\t\t\t\t\t\t\t\t<\/div>\n\t\t\t\t<\/div>\n\t\t\t\t<\/div>\n\t\t<div class=\"elementor-element elementor-element-c63d9a7 e-con-full e-flex e-con e-child\" data-id=\"c63d9a7\" data-element_type=\"container\" data-e-type=\"container\">\n\t\t\t\t<div class=\"elementor-element elementor-element-de811e7 elementor-invisible elementor-widget elementor-widget-image\" data-id=\"de811e7\" data-element_type=\"widget\" data-e-type=\"widget\" data-settings=\"{&quot;_animation&quot;:&quot;bounce&quot;,&quot;_animation_tablet_extra&quot;:&quot;bounceIn&quot;}\" data-widget_type=\"image.default\">\n\t\t\t\t<div class=\"elementor-widget-container\">\n\t\t\t\t\t\t\t\t\t\t\t\t\t\t\t\t<a href=\"https:\/\/www.pontereale.com\/es\/catalogo-de-productos\/mozzarella-de-bufala-campana-dop-organica\/\">\n\t\t\t\t\t\t\t<img decoding=\"async\" width=\"1080\" height=\"1080\" src=\"https:\/\/www.pontereale.com\/wp-content\/uploads\/2025\/04\/dop-bufala-bio-5x25g.webp\" class=\"attachment-full size-full wp-image-4653\" alt=\"Mozzarella de B\u00fafala Campana DOP - Org\u00e1nico - 5x25g - Queser\u00eda Ponte Reale\" srcset=\"https:\/\/www.pontereale.com\/wp-content\/uploads\/2025\/04\/dop-bufala-bio-5x25g.webp 1080w, https:\/\/www.pontereale.com\/wp-content\/uploads\/2025\/04\/dop-bufala-bio-5x25g-300x300.webp 300w, https:\/\/www.pontereale.com\/wp-content\/uploads\/2025\/04\/dop-bufala-bio-5x25g-100x100.webp 100w, https:\/\/www.pontereale.com\/wp-content\/uploads\/2025\/04\/dop-bufala-bio-5x25g-600x600.webp 600w, https:\/\/www.pontereale.com\/wp-content\/uploads\/2025\/04\/dop-bufala-bio-5x25g-1024x1024.webp 1024w, https:\/\/www.pontereale.com\/wp-content\/uploads\/2025\/04\/dop-bufala-bio-5x25g-150x150.webp 150w, https:\/\/www.pontereale.com\/wp-content\/uploads\/2025\/04\/dop-bufala-bio-5x25g-768x768.webp 768w, https:\/\/www.pontereale.com\/wp-content\/uploads\/2025\/04\/dop-bufala-bio-5x25g-500x500.webp 500w\" sizes=\"(max-width: 1080px) 100vw, 1080px\" \/>\t\t\t\t\t\t\t\t<\/a>\n\t\t\t\t\t\t\t\t\t\t\t\t\t\t\t<\/div>\n\t\t\t\t<\/div>\n\t\t\t\t<\/div>\n\t\t\t\t<\/div>\n\t\t<div class=\"elementor-element elementor-element-7fff076 e-con-full e-flex e-con e-child\" data-id=\"7fff076\" data-element_type=\"container\" data-e-type=\"container\">\n\t\t<div class=\"elementor-element elementor-element-1eecd95 e-con-full e-flex e-con e-child\" data-id=\"1eecd95\" data-element_type=\"container\" data-e-type=\"container\">\n\t\t\t\t<div class=\"elementor-element elementor-element-501c350 elementor-widget elementor-widget-image\" data-id=\"501c350\" data-element_type=\"widget\" data-e-type=\"widget\" data-settings=\"{&quot;raven_motion_effects_scrolling&quot;:&quot;yes&quot;,&quot;raven_motion_effects_scale_fx&quot;:&quot;yes&quot;,&quot;raven_motion_effects_scale_fx_intensity&quot;:{&quot;unit&quot;:&quot;px&quot;,&quot;size&quot;:2,&quot;sizes&quot;:[]},&quot;raven_motion_effects_scale_fx_direction&quot;:&quot;out-in&quot;,&quot;raven_motion_effects_scale_fx_viewport&quot;:{&quot;unit&quot;:&quot;%&quot;,&quot;size&quot;:&quot;&quot;,&quot;sizes&quot;:{&quot;start&quot;:20,&quot;end&quot;:80}},&quot;raven_motion_effects_devices&quot;:[&quot;widescreen&quot;,&quot;desktop&quot;,&quot;laptop&quot;,&quot;tablet_extra&quot;,&quot;tablet&quot;,&quot;mobile_extra&quot;,&quot;mobile&quot;]}\" data-widget_type=\"image.default\">\n\t\t\t\t<div class=\"elementor-widget-container\">\n\t\t\t\t\t\t\t\t\t\t\t\t\t\t\t<img loading=\"lazy\" decoding=\"async\" width=\"1200\" height=\"739\" src=\"https:\/\/www.pontereale.com\/wp-content\/uploads\/2025\/05\/bufala-podio.webp\" class=\"attachment-full size-full wp-image-4629\" alt=\"\" srcset=\"https:\/\/www.pontereale.com\/wp-content\/uploads\/2025\/05\/bufala-podio.webp 1200w, https:\/\/www.pontereale.com\/wp-content\/uploads\/2025\/05\/bufala-podio-600x370.webp 600w, https:\/\/www.pontereale.com\/wp-content\/uploads\/2025\/05\/bufala-podio-300x185.webp 300w, https:\/\/www.pontereale.com\/wp-content\/uploads\/2025\/05\/bufala-podio-1024x631.webp 1024w, https:\/\/www.pontereale.com\/wp-content\/uploads\/2025\/05\/bufala-podio-768x473.webp 768w\" sizes=\"(max-width: 1200px) 100vw, 1200px\" \/>\t\t\t\t\t\t\t\t\t\t\t\t\t\t\t<\/div>\n\t\t\t\t<\/div>\n\t\t\t\t<\/div>\n\t\t<div class=\"elementor-element elementor-element-1fd5f24 e-con-full e-flex e-con e-child\" data-id=\"1fd5f24\" data-element_type=\"container\" data-e-type=\"container\">\n\t\t\t\t<div class=\"elementor-element elementor-element-90a8cb5 elementor-invisible elementor-widget elementor-widget-heading\" data-id=\"90a8cb5\" data-element_type=\"widget\" data-e-type=\"widget\" data-settings=\"{&quot;_animation&quot;:&quot;fadeIn&quot;}\" data-widget_type=\"heading.default\">\n\t\t\t\t<div class=\"elementor-widget-container\">\n\t\t\t\t\t<h2 class=\"elementor-heading-title elementor-size-default\">M\u00e9todo Artesanal<\/h2>\t\t\t\t<\/div>\n\t\t\t\t<\/div>\n\t\t\t\t<div class=\"elementor-element elementor-element-f144d4f elementor-invisible elementor-widget elementor-widget-text-editor\" data-id=\"f144d4f\" data-element_type=\"widget\" data-e-type=\"widget\" data-settings=\"{&quot;_animation&quot;:&quot;fadeIn&quot;}\" data-widget_type=\"text-editor.default\">\n\t\t\t\t<div class=\"elementor-widget-container\">\n\t\t\t\t\t\t\t\t\t<p>Por eso definimos nuestro m\u00e9todo como <strong>artesanal<\/strong>: el hilado, el uso de suero l\u00e1cteo natural y la absoluta frescura y calidad de la leche de b\u00fafala son unos de los elementos que hacen de nuestro producto una excelencia excepcional.<\/p>\n\t\t\t\t\t\t\t\t<\/div>\n\t\t\t\t<\/div>\n\t\t\t\t<\/div>\n\t\t\t\t<\/div>\n\t\t\t\t\t<\/div>\n\t\t\t\t<\/div>\n\t\t\t\t<\/div>\n\t\t","protected":false},"excerpt":{"rendered":"<p>Naturalmente perfecta, perfectamente natural. Nuestro Mandamiento Para nosotros, el respeto absoluto por la cadena de suministro no es solo una frase para insertar en nuestra presentaci\u00f3n, sino un verdadero mandamiento: el producto requiere lo que llamamos perfecci\u00f3n natural, desde el principio hasta el final. Cumplimos Nuestras Promesas Nuestros animales son nuestro mayor tesoro. Si est\u00e1n [&hellip;]<\/p>\n","protected":false},"author":1,"featured_media":0,"parent":0,"menu_order":0,"comment_status":"closed","ping_status":"closed","template":"elementor_header_footer","meta":{"_acf_changed":false,"footnotes":""},"class_list":["post-4689","page","type-page","status-publish","hentry"],"acf":[],"_links":{"self":[{"href":"https:\/\/www.pontereale.com\/es\/wp-json\/wp\/v2\/pages\/4689","targetHints":{"allow":["GET"]}}],"collection":[{"href":"https:\/\/www.pontereale.com\/es\/wp-json\/wp\/v2\/pages"}],"about":[{"href":"https:\/\/www.pontereale.com\/es\/wp-json\/wp\/v2\/types\/page"}],"author":[{"embeddable":true,"href":"https:\/\/www.pontereale.com\/es\/wp-json\/wp\/v2\/users\/1"}],"replies":[{"embeddable":true,"href":"https:\/\/www.pontereale.com\/es\/wp-json\/wp\/v2\/comments?post=4689"}],"version-history":[{"count":0,"href":"https:\/\/www.pontereale.com\/es\/wp-json\/wp\/v2\/pages\/4689\/revisions"}],"wp:attachment":[{"href":"https:\/\/www.pontereale.com\/es\/wp-json\/wp\/v2\/media?parent=4689"}],"curies":[{"name":"wp","href":"https:\/\/api.w.org\/{rel}","templated":true}]}}