{"id":4693,"date":"2025-05-13T15:23:04","date_gmt":"2025-05-13T13:23:04","guid":{"rendered":"https:\/\/www.pontereale.com\/hacemos-una-promesa\/"},"modified":"2026-01-28T15:01:21","modified_gmt":"2026-01-28T14:01:21","slug":"hacemos-una-promesa","status":"publish","type":"page","link":"https:\/\/www.pontereale.com\/es\/hacemos-una-promesa\/","title":{"rendered":"Hacemos una promesa"},"content":{"rendered":"\t\t<div data-elementor-type=\"wp-page\" data-elementor-id=\"4693\" class=\"elementor elementor-4693 elementor-1080\">\n\t\t\t\t<div class=\"elementor-element elementor-element-5ec3fdb e-flex e-con-boxed e-con e-parent\" data-id=\"5ec3fdb\" data-element_type=\"container\" data-e-type=\"container\" data-settings=\"{&quot;background_background&quot;:&quot;classic&quot;}\">\n\t\t\t\t\t<div class=\"e-con-inner\">\n\t\t<div class=\"elementor-element elementor-element-224dc5d e-con-full e-flex e-con e-child\" data-id=\"224dc5d\" data-element_type=\"container\" data-e-type=\"container\">\n\t\t\t\t<div class=\"elementor-element elementor-element-dfb6b67 elementor-invisible elementor-widget elementor-widget-text-editor\" data-id=\"dfb6b67\" data-element_type=\"widget\" data-e-type=\"widget\" data-settings=\"{&quot;_animation&quot;:&quot;fadeIn&quot;}\" data-widget_type=\"text-editor.default\">\n\t\t\t\t<div class=\"elementor-widget-container\">\n\t\t\t\t\t\t\t\t\t<p>Hacemos una promesa \u201ccon los cuernos\u201d<\/p>\n\t\t\t\t\t\t\t\t<\/div>\n\t\t\t\t<\/div>\n\t\t\t\t<\/div>\n\t\t<div class=\"elementor-element elementor-element-9b04846 e-con-full e-flex e-con e-child\" data-id=\"9b04846\" data-element_type=\"container\" data-e-type=\"container\">\n\t\t<div class=\"elementor-element elementor-element-6fa7a35 e-con-full e-flex e-con e-child\" data-id=\"6fa7a35\" data-element_type=\"container\" data-e-type=\"container\">\n\t\t\t\t<div class=\"elementor-element elementor-element-e4d7f22 elementor-invisible elementor-widget elementor-widget-heading\" data-id=\"e4d7f22\" data-element_type=\"widget\" data-e-type=\"widget\" data-settings=\"{&quot;_animation&quot;:&quot;fadeIn&quot;}\" data-widget_type=\"heading.default\">\n\t\t\t\t<div class=\"elementor-widget-container\">\n\t\t\t\t\t<h2 class=\"elementor-heading-title elementor-size-default\">Fabricamos cuernos<\/h2>\t\t\t\t<\/div>\n\t\t\t\t<\/div>\n\t\t\t\t<div class=\"elementor-element elementor-element-fef540e elementor-invisible elementor-widget elementor-widget-text-editor\" data-id=\"fef540e\" data-element_type=\"widget\" data-e-type=\"widget\" data-settings=\"{&quot;_animation&quot;:&quot;fadeIn&quot;}\" data-widget_type=\"text-editor.default\">\n\t\t\t\t<div class=\"elementor-widget-container\">\n\t\t\t\t\t\t\t\t\t<p>Pregunta a algunos granjeros si sus b\u00fafalas tienen cuernos y aprender\u00e1s mucho sobre su forma de trabajar. En nuestra regi\u00f3n, los cuernos tienen un significado simb\u00f3lico muy poderoso. \u00abHacemos cuernos\u00bb ahuyentar el mal, para evitar que la negatividad contamine lo bueno y para perpetuar la fortuna y el \u00e9xito.<\/p>\n\t\t\t\t\t\t\t\t<\/div>\n\t\t\t\t<\/div>\n\t\t\t\t<\/div>\n\t\t<div class=\"elementor-element elementor-element-e2a795f e-con-full e-flex e-con e-child\" data-id=\"e2a795f\" data-element_type=\"container\" data-e-type=\"container\">\n\t\t\t\t<div class=\"elementor-element elementor-element-7c84a58 elementor-widget elementor-widget-image\" data-id=\"7c84a58\" data-element_type=\"widget\" data-e-type=\"widget\" data-settings=\"{&quot;raven_motion_effects_scrolling&quot;:&quot;yes&quot;,&quot;raven_motion_effects_rotateZ_fx&quot;:&quot;yes&quot;,&quot;raven_motion_effects_rotateZ_fx_intensity&quot;:{&quot;unit&quot;:&quot;px&quot;,&quot;size&quot;:0.299999999999999988897769753748434595763683319091796875,&quot;sizes&quot;:[]},&quot;raven_motion_effects_rotateZ_fx_viewport&quot;:{&quot;unit&quot;:&quot;%&quot;,&quot;size&quot;:&quot;&quot;,&quot;sizes&quot;:{&quot;start&quot;:0,&quot;end&quot;:100}},&quot;raven_motion_effects_devices&quot;:[&quot;widescreen&quot;,&quot;desktop&quot;,&quot;laptop&quot;,&quot;tablet_extra&quot;,&quot;tablet&quot;,&quot;mobile_extra&quot;,&quot;mobile&quot;]}\" data-widget_type=\"image.default\">\n\t\t\t\t<div class=\"elementor-widget-container\">\n\t\t\t\t\t\t\t\t\t\t\t\t\t\t\t<img fetchpriority=\"high\" decoding=\"async\" width=\"1200\" height=\"550\" src=\"https:\/\/www.pontereale.com\/wp-content\/uploads\/2025\/05\/corna.webp\" class=\"attachment-full size-full wp-image-4695\" alt=\"\" srcset=\"https:\/\/www.pontereale.com\/wp-content\/uploads\/2025\/05\/corna.webp 1200w, https:\/\/www.pontereale.com\/wp-content\/uploads\/2025\/05\/corna-600x275.webp 600w, https:\/\/www.pontereale.com\/wp-content\/uploads\/2025\/05\/corna-300x138.webp 300w, https:\/\/www.pontereale.com\/wp-content\/uploads\/2025\/05\/corna-1024x469.webp 1024w, https:\/\/www.pontereale.com\/wp-content\/uploads\/2025\/05\/corna-768x352.webp 768w\" sizes=\"(max-width: 1200px) 100vw, 1200px\" \/>\t\t\t\t\t\t\t\t\t\t\t\t\t\t\t<\/div>\n\t\t\t\t<\/div>\n\t\t\t\t<\/div>\n\t\t\t\t<\/div>\n\t\t<div class=\"elementor-element elementor-element-da64cd0 e-con-full e-flex e-con e-child\" data-id=\"da64cd0\" data-element_type=\"container\" data-e-type=\"container\">\n\t\t<div class=\"elementor-element elementor-element-b8a7e1d e-con-full e-flex e-con e-child\" data-id=\"b8a7e1d\" data-element_type=\"container\" data-e-type=\"container\">\n\t\t\t\t<div class=\"elementor-element elementor-element-0d4ab9f elementor-invisible elementor-widget elementor-widget-image\" data-id=\"0d4ab9f\" data-element_type=\"widget\" data-e-type=\"widget\" data-settings=\"{&quot;_animation&quot;:&quot;bounce&quot;,&quot;_animation_tablet_extra&quot;:&quot;bounceIn&quot;}\" data-widget_type=\"image.default\">\n\t\t\t\t<div class=\"elementor-widget-container\">\n\t\t\t\t\t\t\t\t\t\t\t\t\t\t\t\t<a href=\"https:\/\/www.pontereale.com\/es\/catalogo-de-productos\/mozzarella-de-bufala-campana-dop-sin-lactosa\/\">\n\t\t\t\t\t\t\t<img decoding=\"async\" width=\"1080\" height=\"1080\" src=\"https:\/\/www.pontereale.com\/wp-content\/uploads\/2025\/04\/dop-bufala-sl-125g.webp\" class=\"attachment-full size-full wp-image-4654\" alt=\"Mozzarella de B\u00fafala Campana org\u00e1nica DOP Sin Lactosa - vaso 1x125g - Ponte Reale\" srcset=\"https:\/\/www.pontereale.com\/wp-content\/uploads\/2025\/04\/dop-bufala-sl-125g.webp 1080w, https:\/\/www.pontereale.com\/wp-content\/uploads\/2025\/04\/dop-bufala-sl-125g-300x300.webp 300w, https:\/\/www.pontereale.com\/wp-content\/uploads\/2025\/04\/dop-bufala-sl-125g-100x100.webp 100w, https:\/\/www.pontereale.com\/wp-content\/uploads\/2025\/04\/dop-bufala-sl-125g-600x600.webp 600w, https:\/\/www.pontereale.com\/wp-content\/uploads\/2025\/04\/dop-bufala-sl-125g-1024x1024.webp 1024w, https:\/\/www.pontereale.com\/wp-content\/uploads\/2025\/04\/dop-bufala-sl-125g-150x150.webp 150w, https:\/\/www.pontereale.com\/wp-content\/uploads\/2025\/04\/dop-bufala-sl-125g-768x768.webp 768w, https:\/\/www.pontereale.com\/wp-content\/uploads\/2025\/04\/dop-bufala-sl-125g-500x500.webp 500w\" sizes=\"(max-width: 1080px) 100vw, 1080px\" \/>\t\t\t\t\t\t\t\t<\/a>\n\t\t\t\t\t\t\t\t\t\t\t\t\t\t\t<\/div>\n\t\t\t\t<\/div>\n\t\t\t\t<\/div>\n\t\t<div class=\"elementor-element elementor-element-2334876 e-con-full e-flex e-con e-child\" data-id=\"2334876\" data-element_type=\"container\" data-e-type=\"container\">\n\t\t\t\t<div class=\"elementor-element elementor-element-f47d3e9 elementor-invisible elementor-widget elementor-widget-heading\" data-id=\"f47d3e9\" data-element_type=\"widget\" data-e-type=\"widget\" data-settings=\"{&quot;_animation&quot;:&quot;fadeIn&quot;}\" data-widget_type=\"heading.default\">\n\t\t\t\t<div class=\"elementor-widget-container\">\n\t\t\t\t\t<h2 class=\"elementor-heading-title elementor-size-default\">Porque as\u00ed es natural<\/h2>\t\t\t\t<\/div>\n\t\t\t\t<\/div>\n\t\t\t\t<div class=\"elementor-element elementor-element-411dbf2 elementor-invisible elementor-widget elementor-widget-text-editor\" data-id=\"411dbf2\" data-element_type=\"widget\" data-e-type=\"widget\" data-settings=\"{&quot;_animation&quot;:&quot;fadeIn&quot;}\" data-widget_type=\"text-editor.default\">\n\t\t\t\t<div class=\"elementor-widget-container\">\n\t\t\t\t\t\t\t\t\t<p>Lo que vamos a contarles sobre las b\u00fafalas no es mentira: <strong>las nuestras tienen cuernos<\/strong>. \u00bfPor qu\u00e9? Porque es natural. La costumbre de cort\u00e1rselos es t\u00edpica de las granjas intensivas, donde los reba\u00f1os tienen poco espacio en el corral y los cuernos pueden convertirse en un peligro para la seguridad.<\/p>\n\t\t\t\t\t\t\t\t<\/div>\n\t\t\t\t<\/div>\n\t\t\t\t<\/div>\n\t\t\t\t<\/div>\n\t\t<div class=\"elementor-element elementor-element-c0b0d66 e-con-full e-flex e-con e-child\" data-id=\"c0b0d66\" data-element_type=\"container\" data-e-type=\"container\">\n\t\t<div class=\"elementor-element elementor-element-402ad0c e-con-full e-flex e-con e-child\" data-id=\"402ad0c\" data-element_type=\"container\" data-e-type=\"container\">\n\t\t\t\t<div class=\"elementor-element elementor-element-8132100 elementor-invisible elementor-widget elementor-widget-heading\" data-id=\"8132100\" data-element_type=\"widget\" data-e-type=\"widget\" data-settings=\"{&quot;_animation&quot;:&quot;fadeIn&quot;}\" data-widget_type=\"heading.default\">\n\t\t\t\t<div class=\"elementor-widget-container\">\n\t\t\t\t\t<h2 class=\"elementor-heading-title elementor-size-default\">B\u00fafala significa sinceridad<\/h2>\t\t\t\t<\/div>\n\t\t\t\t<\/div>\n\t\t\t\t<div class=\"elementor-element elementor-element-0823b99 elementor-invisible elementor-widget elementor-widget-text-editor\" data-id=\"0823b99\" data-element_type=\"widget\" data-e-type=\"widget\" data-settings=\"{&quot;_animation&quot;:&quot;fadeIn&quot;}\" data-widget_type=\"text-editor.default\">\n\t\t\t\t<div class=\"elementor-widget-container\">\n\t\t\t\t\t\t\t\t\t<p>El bienestar animal es fundamental en nuestro sistema de valores, por eso en nuestras granjas les proporcionamos a nuestros b\u00fafalas los pastos y el espacio que necesitan para prosperar, no los confinamos. Nuestros corrales no son jaulas, porque nuestra dedicaci\u00f3n a la agricultura org\u00e1nica as\u00ed lo exige. En italiano, <strong>b\u00fafala<\/strong> significa sinceridad, <strong>y prometemos sinceramente cuernos y bienestar a nuestros animales<\/strong>.<\/p>\n\t\t\t\t\t\t\t\t<\/div>\n\t\t\t\t<\/div>\n\t\t\t\t<\/div>\n\t\t<div class=\"elementor-element elementor-element-65e0d3d e-con-full e-flex e-con e-child\" data-id=\"65e0d3d\" data-element_type=\"container\" data-e-type=\"container\">\n\t\t\t\t<div class=\"elementor-element elementor-element-d3099bd elementor-widget elementor-widget-image\" data-id=\"d3099bd\" data-element_type=\"widget\" data-e-type=\"widget\" data-settings=\"{&quot;raven_motion_effects_scrolling&quot;:&quot;yes&quot;,&quot;raven_motion_effects_scale_fx&quot;:&quot;yes&quot;,&quot;raven_motion_effects_scale_fx_intensity&quot;:{&quot;unit&quot;:&quot;px&quot;,&quot;size&quot;:2,&quot;sizes&quot;:[]},&quot;raven_motion_effects_scale_fx_direction&quot;:&quot;out-in&quot;,&quot;raven_motion_effects_scale_fx_viewport&quot;:{&quot;unit&quot;:&quot;%&quot;,&quot;size&quot;:&quot;&quot;,&quot;sizes&quot;:{&quot;start&quot;:20,&quot;end&quot;:80}},&quot;raven_motion_effects_devices&quot;:[&quot;widescreen&quot;,&quot;desktop&quot;,&quot;laptop&quot;,&quot;tablet_extra&quot;,&quot;tablet&quot;,&quot;mobile_extra&quot;,&quot;mobile&quot;]}\" data-widget_type=\"image.default\">\n\t\t\t\t<div class=\"elementor-widget-container\">\n\t\t\t\t\t\t\t\t\t\t\t\t\t\t\t<img decoding=\"async\" width=\"1080\" height=\"1080\" src=\"https:\/\/www.pontereale.com\/wp-content\/uploads\/2025\/05\/mucca-con-occhiali.webp\" class=\"attachment-full size-full wp-image-4615\" alt=\"\" srcset=\"https:\/\/www.pontereale.com\/wp-content\/uploads\/2025\/05\/mucca-con-occhiali.webp 1080w, https:\/\/www.pontereale.com\/wp-content\/uploads\/2025\/05\/mucca-con-occhiali-300x300.webp 300w, https:\/\/www.pontereale.com\/wp-content\/uploads\/2025\/05\/mucca-con-occhiali-100x100.webp 100w, https:\/\/www.pontereale.com\/wp-content\/uploads\/2025\/05\/mucca-con-occhiali-600x600.webp 600w, https:\/\/www.pontereale.com\/wp-content\/uploads\/2025\/05\/mucca-con-occhiali-1024x1024.webp 1024w, https:\/\/www.pontereale.com\/wp-content\/uploads\/2025\/05\/mucca-con-occhiali-150x150.webp 150w, https:\/\/www.pontereale.com\/wp-content\/uploads\/2025\/05\/mucca-con-occhiali-768x768.webp 768w, https:\/\/www.pontereale.com\/wp-content\/uploads\/2025\/05\/mucca-con-occhiali-500x500.webp 500w\" sizes=\"(max-width: 1080px) 100vw, 1080px\" \/>\t\t\t\t\t\t\t\t\t\t\t\t\t\t\t<\/div>\n\t\t\t\t<\/div>\n\t\t\t\t<\/div>\n\t\t\t\t<\/div>\n\t\t\t\t\t<\/div>\n\t\t\t\t<\/div>\n\t\t\t\t<\/div>\n\t\t","protected":false},"excerpt":{"rendered":"<p>Hacemos una promesa \u201ccon los cuernos\u201d Fabricamos cuernos Pregunta a algunos granjeros si sus b\u00fafalas tienen cuernos y aprender\u00e1s mucho sobre su forma de trabajar. En nuestra regi\u00f3n, los cuernos tienen un significado simb\u00f3lico muy poderoso. \u00abHacemos cuernos\u00bb ahuyentar el mal, para evitar que la negatividad contamine lo bueno y para perpetuar la fortuna y [&hellip;]<\/p>\n","protected":false},"author":1,"featured_media":0,"parent":0,"menu_order":0,"comment_status":"closed","ping_status":"closed","template":"elementor_header_footer","meta":{"_acf_changed":false,"footnotes":""},"class_list":["post-4693","page","type-page","status-publish","hentry"],"acf":[],"_links":{"self":[{"href":"https:\/\/www.pontereale.com\/es\/wp-json\/wp\/v2\/pages\/4693","targetHints":{"allow":["GET"]}}],"collection":[{"href":"https:\/\/www.pontereale.com\/es\/wp-json\/wp\/v2\/pages"}],"about":[{"href":"https:\/\/www.pontereale.com\/es\/wp-json\/wp\/v2\/types\/page"}],"author":[{"embeddable":true,"href":"https:\/\/www.pontereale.com\/es\/wp-json\/wp\/v2\/users\/1"}],"replies":[{"embeddable":true,"href":"https:\/\/www.pontereale.com\/es\/wp-json\/wp\/v2\/comments?post=4693"}],"version-history":[{"count":0,"href":"https:\/\/www.pontereale.com\/es\/wp-json\/wp\/v2\/pages\/4693\/revisions"}],"wp:attachment":[{"href":"https:\/\/www.pontereale.com\/es\/wp-json\/wp\/v2\/media?parent=4693"}],"curies":[{"name":"wp","href":"https:\/\/api.w.org\/{rel}","templated":true}]}}