{"id":4130,"date":"2025-05-12T16:59:49","date_gmt":"2025-05-12T14:59:49","guid":{"rendered":"https:\/\/www.pontereale.com\/famiglia-rega\/"},"modified":"2026-01-27T09:53:59","modified_gmt":"2026-01-27T08:53:59","slug":"la-famille-rega","status":"publish","type":"page","link":"https:\/\/www.pontereale.com\/fr\/la-famille-rega\/","title":{"rendered":"La famille Rega"},"content":{"rendered":"\t\t<div data-elementor-type=\"wp-page\" data-elementor-id=\"4130\" class=\"elementor elementor-4130 elementor-964\">\n\t\t\t\t<div class=\"elementor-element elementor-element-27c0f14 e-flex e-con-boxed e-con e-parent\" data-id=\"27c0f14\" data-element_type=\"container\" data-e-type=\"container\" data-settings=\"{&quot;background_background&quot;:&quot;classic&quot;}\">\n\t\t\t\t\t<div class=\"e-con-inner\">\n\t\t<div class=\"elementor-element elementor-element-bc120cd e-con-full e-flex e-con e-child\" data-id=\"bc120cd\" data-element_type=\"container\" data-e-type=\"container\">\n\t\t\t\t<div class=\"elementor-element elementor-element-37d3341 elementor-invisible elementor-widget elementor-widget-text-editor\" data-id=\"37d3341\" data-element_type=\"widget\" data-e-type=\"widget\" data-settings=\"{&quot;_animation&quot;:&quot;fadeIn&quot;}\" data-widget_type=\"text-editor.default\">\n\t\t\t\t<div class=\"elementor-widget-container\">\n\t\t\t\t\t\t\t\t\t<p>L\u00e0 o\u00f9 le lait devient mozzarella.<\/p>\t\t\t\t\t\t\t\t<\/div>\n\t\t\t\t<\/div>\n\t\t\t\t<\/div>\n\t\t<div class=\"elementor-element elementor-element-c9e4a1a e-con-full e-flex e-con e-child\" data-id=\"c9e4a1a\" data-element_type=\"container\" data-e-type=\"container\">\n\t\t<div class=\"elementor-element elementor-element-2e49a99 e-con-full e-flex e-con e-child\" data-id=\"2e49a99\" data-element_type=\"container\" data-e-type=\"container\">\n\t\t<div class=\"elementor-element elementor-element-1aac17f e-con-full e-flex e-con e-child\" data-id=\"1aac17f\" data-element_type=\"container\" data-e-type=\"container\">\n\t\t\t\t<div class=\"elementor-element elementor-element-b7aeb70 elementor-invisible elementor-widget elementor-widget-heading\" data-id=\"b7aeb70\" data-element_type=\"widget\" data-e-type=\"widget\" data-settings=\"{&quot;_animation&quot;:&quot;fadeIn&quot;}\" data-widget_type=\"heading.default\">\n\t\t\t\t<div class=\"elementor-widget-container\">\n\t\t\t\t\t<h2 class=\"elementor-heading-title elementor-size-default\">Les Rega<\/h2>\t\t\t\t<\/div>\n\t\t\t\t<\/div>\n\t\t\t\t<div class=\"elementor-element elementor-element-74310bb elementor-invisible elementor-widget elementor-widget-text-editor\" data-id=\"74310bb\" data-element_type=\"widget\" data-e-type=\"widget\" data-settings=\"{&quot;_animation&quot;:&quot;fadeIn&quot;}\" data-widget_type=\"text-editor.default\">\n\t\t\t\t<div class=\"elementor-widget-container\">\n\t\t\t\t\t\t\t\t\t<p>Nous sommes Enrico, Luigi, Massimo, Maria Cristina et Carolina. <strong>\u00c0 nos c\u00f4t\u00e9s, 1 500 bufflonnes font elles aussi partie de la famille.<\/strong> Nous avons cr\u00e9\u00e9 notre entreprise &#8211; Ponte Reale &#8211; en 1993. \u00c0 l\u2019\u00e9poque, tout le monde parlait de Jurassic Park et la radio diffusait la chanson \u00ab Il coccodrillo come fa \u00bb <em>(Comment il fait, le crocodile ?)<\/em>, rendue c\u00e9l\u00e8bre par le Zecchino d\u2019Oro.<\/p>\t\t\t\t\t\t\t\t<\/div>\n\t\t\t\t<\/div>\n\t\t\t\t<\/div>\n\t\t\t\t<div class=\"elementor-element elementor-element-733fcb6 elementor-widget elementor-widget-image\" data-id=\"733fcb6\" data-element_type=\"widget\" data-e-type=\"widget\" data-settings=\"{&quot;raven_motion_effects_scrolling&quot;:&quot;yes&quot;,&quot;raven_motion_effects_rotateZ_fx&quot;:&quot;yes&quot;,&quot;raven_motion_effects_rotateZ_fx_direction&quot;:&quot;right&quot;,&quot;raven_motion_effects_rotateZ_fx_intensity&quot;:{&quot;unit&quot;:&quot;px&quot;,&quot;size&quot;:0.200000000000000011102230246251565404236316680908203125,&quot;sizes&quot;:[]},&quot;raven_motion_effects_rotateZ_fx_viewport&quot;:{&quot;unit&quot;:&quot;%&quot;,&quot;size&quot;:&quot;&quot;,&quot;sizes&quot;:{&quot;start&quot;:0,&quot;end&quot;:100}},&quot;raven_motion_effects_devices&quot;:[&quot;widescreen&quot;,&quot;desktop&quot;,&quot;laptop&quot;,&quot;tablet_extra&quot;,&quot;tablet&quot;,&quot;mobile_extra&quot;,&quot;mobile&quot;]}\" data-widget_type=\"image.default\">\n\t\t\t\t<div class=\"elementor-widget-container\">\n\t\t\t\t\t\t\t\t\t\t\t\t\t\t\t<img fetchpriority=\"high\" decoding=\"async\" width=\"1080\" height=\"750\" src=\"https:\/\/www.pontereale.com\/wp-content\/uploads\/2025\/05\/foto-famiglia.webp\" class=\"attachment-full size-full wp-image-4132\" alt=\"\" srcset=\"https:\/\/www.pontereale.com\/wp-content\/uploads\/2025\/05\/foto-famiglia.webp 1080w, https:\/\/www.pontereale.com\/wp-content\/uploads\/2025\/05\/foto-famiglia-600x417.webp 600w, https:\/\/www.pontereale.com\/wp-content\/uploads\/2025\/05\/foto-famiglia-300x208.webp 300w, https:\/\/www.pontereale.com\/wp-content\/uploads\/2025\/05\/foto-famiglia-1024x711.webp 1024w, https:\/\/www.pontereale.com\/wp-content\/uploads\/2025\/05\/foto-famiglia-768x533.webp 768w\" sizes=\"(max-width: 1080px) 100vw, 1080px\" \/>\t\t\t\t\t\t\t\t\t\t\t\t\t\t\t<\/div>\n\t\t\t\t<\/div>\n\t\t\t\t<\/div>\n\t\t<div class=\"elementor-element elementor-element-f6f643e e-con-full e-flex e-con e-child\" data-id=\"f6f643e\" data-element_type=\"container\" data-e-type=\"container\">\n\t\t\t\t<div class=\"elementor-element elementor-element-97021f3 elementor-widget elementor-widget-image\" data-id=\"97021f3\" data-element_type=\"widget\" data-e-type=\"widget\" data-settings=\"{&quot;raven_motion_effects_scrolling&quot;:&quot;yes&quot;,&quot;raven_motion_effects_scale_fx&quot;:&quot;yes&quot;,&quot;raven_motion_effects_scale_fx_intensity&quot;:{&quot;unit&quot;:&quot;px&quot;,&quot;size&quot;:2,&quot;sizes&quot;:[]},&quot;raven_motion_effects_scale_fx_direction&quot;:&quot;out-in&quot;,&quot;raven_motion_effects_scale_fx_viewport&quot;:{&quot;unit&quot;:&quot;%&quot;,&quot;size&quot;:&quot;&quot;,&quot;sizes&quot;:{&quot;start&quot;:20,&quot;end&quot;:80}},&quot;raven_motion_effects_devices&quot;:[&quot;widescreen&quot;,&quot;desktop&quot;,&quot;laptop&quot;,&quot;tablet_extra&quot;,&quot;tablet&quot;,&quot;mobile_extra&quot;,&quot;mobile&quot;]}\" data-widget_type=\"image.default\">\n\t\t\t\t<div class=\"elementor-widget-container\">\n\t\t\t\t\t\t\t\t\t\t\t\t\t\t\t<img decoding=\"async\" width=\"1080\" height=\"1080\" src=\"https:\/\/www.pontereale.com\/wp-content\/uploads\/2025\/05\/bufala-walkman-1.webp\" class=\"attachment-full size-full wp-image-4133\" alt=\"\" srcset=\"https:\/\/www.pontereale.com\/wp-content\/uploads\/2025\/05\/bufala-walkman-1.webp 1080w, https:\/\/www.pontereale.com\/wp-content\/uploads\/2025\/05\/bufala-walkman-1-300x300.webp 300w, https:\/\/www.pontereale.com\/wp-content\/uploads\/2025\/05\/bufala-walkman-1-100x100.webp 100w, https:\/\/www.pontereale.com\/wp-content\/uploads\/2025\/05\/bufala-walkman-1-600x600.webp 600w, https:\/\/www.pontereale.com\/wp-content\/uploads\/2025\/05\/bufala-walkman-1-1024x1024.webp 1024w, https:\/\/www.pontereale.com\/wp-content\/uploads\/2025\/05\/bufala-walkman-1-150x150.webp 150w, https:\/\/www.pontereale.com\/wp-content\/uploads\/2025\/05\/bufala-walkman-1-768x768.webp 768w, https:\/\/www.pontereale.com\/wp-content\/uploads\/2025\/05\/bufala-walkman-1-500x500.webp 500w\" sizes=\"(max-width: 1080px) 100vw, 1080px\" \/>\t\t\t\t\t\t\t\t\t\t\t\t\t\t\t<\/div>\n\t\t\t\t<\/div>\n\t\t\t\t<\/div>\n\t\t\t\t<\/div>\n\t\t<div class=\"elementor-element elementor-element-cef60a4 e-con-full e-flex e-con e-child\" data-id=\"cef60a4\" data-element_type=\"container\" data-e-type=\"container\">\n\t\t<div class=\"elementor-element elementor-element-94377a4 e-con-full e-flex e-con e-child\" data-id=\"94377a4\" data-element_type=\"container\" data-e-type=\"container\">\n\t\t\t\t<div class=\"elementor-element elementor-element-f46a2b5 elementor-widget elementor-widget-image\" data-id=\"f46a2b5\" data-element_type=\"widget\" data-e-type=\"widget\" data-settings=\"{&quot;raven_motion_effects_scrolling&quot;:&quot;yes&quot;,&quot;raven_motion_effects_scale_fx&quot;:&quot;yes&quot;,&quot;raven_motion_effects_scale_fx_intensity&quot;:{&quot;unit&quot;:&quot;px&quot;,&quot;size&quot;:2,&quot;sizes&quot;:[]},&quot;raven_motion_effects_scale_fx_direction&quot;:&quot;out-in&quot;,&quot;raven_motion_effects_scale_fx_viewport&quot;:{&quot;unit&quot;:&quot;%&quot;,&quot;size&quot;:&quot;&quot;,&quot;sizes&quot;:{&quot;start&quot;:20,&quot;end&quot;:80}},&quot;raven_motion_effects_devices&quot;:[&quot;widescreen&quot;,&quot;desktop&quot;,&quot;laptop&quot;,&quot;tablet_extra&quot;,&quot;tablet&quot;,&quot;mobile_extra&quot;,&quot;mobile&quot;]}\" data-widget_type=\"image.default\">\n\t\t\t\t<div class=\"elementor-widget-container\">\n\t\t\t\t\t\t\t\t\t\t\t\t\t\t\t<img decoding=\"async\" width=\"1080\" height=\"800\" src=\"https:\/\/www.pontereale.com\/wp-content\/uploads\/2025\/05\/bufala-cappello.webp\" class=\"attachment-full size-full wp-image-4061\" alt=\"\" srcset=\"https:\/\/www.pontereale.com\/wp-content\/uploads\/2025\/05\/bufala-cappello.webp 1080w, https:\/\/www.pontereale.com\/wp-content\/uploads\/2025\/05\/bufala-cappello-600x444.webp 600w, https:\/\/www.pontereale.com\/wp-content\/uploads\/2025\/05\/bufala-cappello-300x222.webp 300w, https:\/\/www.pontereale.com\/wp-content\/uploads\/2025\/05\/bufala-cappello-1024x759.webp 1024w, https:\/\/www.pontereale.com\/wp-content\/uploads\/2025\/05\/bufala-cappello-768x569.webp 768w\" sizes=\"(max-width: 1080px) 100vw, 1080px\" \/>\t\t\t\t\t\t\t\t\t\t\t\t\t\t\t<\/div>\n\t\t\t\t<\/div>\n\t\t\t\t<\/div>\n\t\t<div class=\"elementor-element elementor-element-5d59de7 e-con-full e-flex e-con e-child\" data-id=\"5d59de7\" data-element_type=\"container\" data-e-type=\"container\">\n\t\t\t\t<div class=\"elementor-element elementor-element-14c0397 elementor-invisible elementor-widget elementor-widget-heading\" data-id=\"14c0397\" data-element_type=\"widget\" data-e-type=\"widget\" data-settings=\"{&quot;_animation&quot;:&quot;fadeIn&quot;}\" data-widget_type=\"heading.default\">\n\t\t\t\t<div class=\"elementor-widget-container\">\n\t\t\t\t\t<h2 class=\"elementor-heading-title elementor-size-default\">Grand-p\u00e8re<\/h2>\t\t\t\t<\/div>\n\t\t\t\t<\/div>\n\t\t\t\t<div class=\"elementor-element elementor-element-ee05d14 elementor-invisible elementor-widget elementor-widget-text-editor\" data-id=\"ee05d14\" data-element_type=\"widget\" data-e-type=\"widget\" data-settings=\"{&quot;_animation&quot;:&quot;fadeIn&quot;}\" data-widget_type=\"text-editor.default\">\n\t\t\t\t<div class=\"elementor-widget-container\">\n\t\t\t\t\t\t\t\t\t<p>Le grand-p\u00e8re de notre p\u00e8re avait marqu\u00e9 nos origines d\u2019un lien profond avec la terre, de mani\u00e8re authentique et, comme on le faisait souvent il y a un si\u00e8cle, en offrant au voisinage les fruits de son travail : une diligence typique, laborieuse et consciencieuse, qui ne s\u2019appelait pas encore \u00ab biologique \u00bb.<\/p>\t\t\t\t\t\t\t\t<\/div>\n\t\t\t\t<\/div>\n\t\t\t\t<\/div>\n\t\t\t\t<\/div>\n\t\t<div class=\"elementor-element elementor-element-430df9f e-con-full e-flex e-con e-child\" data-id=\"430df9f\" data-element_type=\"container\" data-e-type=\"container\">\n\t\t<div class=\"elementor-element elementor-element-69f9af1 e-con-full e-flex e-con e-child\" data-id=\"69f9af1\" data-element_type=\"container\" data-e-type=\"container\">\n\t\t\t\t<div class=\"elementor-element elementor-element-a5aa011 elementor-invisible elementor-widget elementor-widget-heading\" data-id=\"a5aa011\" data-element_type=\"widget\" data-e-type=\"widget\" data-settings=\"{&quot;_animation&quot;:&quot;fadeIn&quot;}\" data-widget_type=\"heading.default\">\n\t\t\t\t<div class=\"elementor-widget-container\">\n\t\t\t\t\t<h2 class=\"elementor-heading-title elementor-size-default\">Papa<\/h2>\t\t\t\t<\/div>\n\t\t\t\t<\/div>\n\t\t\t\t<div class=\"elementor-element elementor-element-6a42df4 elementor-invisible elementor-widget elementor-widget-text-editor\" data-id=\"6a42df4\" data-element_type=\"widget\" data-e-type=\"widget\" data-settings=\"{&quot;_animation&quot;:&quot;fadeIn&quot;}\" data-widget_type=\"text-editor.default\">\n\t\t\t\t<div class=\"elementor-widget-container\">\n\t\t\t\t\t\t\t\t\t<p>Apr\u00e8s des \u00e9tudes en agronome, notre p\u00e8re d\u00e9cida de se lancer dans une aventure qui nous impliquerait tous : il fonda Ponte Reale, cr\u00e9ant une entreprise qui n\u2019est pas seulement un travail, mais le go\u00fbt que nous connaissons, le cadre qui entoure le paysage de notre maison.<\/p>\t\t\t\t\t\t\t\t<\/div>\n\t\t\t\t<\/div>\n\t\t\t\t<\/div>\n\t\t<div class=\"elementor-element elementor-element-8711d89 e-con-full e-flex e-con e-child\" data-id=\"8711d89\" data-element_type=\"container\" data-e-type=\"container\">\n\t\t\t\t<div class=\"elementor-element elementor-element-4958694 elementor-invisible elementor-widget elementor-widget-image\" data-id=\"4958694\" data-element_type=\"widget\" data-e-type=\"widget\" data-settings=\"{&quot;_animation&quot;:&quot;bounce&quot;,&quot;_animation_tablet_extra&quot;:&quot;bounceIn&quot;}\" data-widget_type=\"image.default\">\n\t\t\t\t<div class=\"elementor-widget-container\">\n\t\t\t\t\t\t\t\t\t\t\t\t\t\t\t\t<a href=\"https:\/\/www.pontereale.com\/fr\/catalogue-de-produits\/burrata-de-bufflonne\/\">\n\t\t\t\t\t\t\t<img loading=\"lazy\" decoding=\"async\" width=\"1080\" height=\"1080\" src=\"https:\/\/www.pontereale.com\/wp-content\/uploads\/2025\/04\/burrata-di-bufala-200g.webp\" class=\"attachment-full size-full wp-image-4134\" alt=\"Burrata di Bufala - 200g - Ponte Reale\" srcset=\"https:\/\/www.pontereale.com\/wp-content\/uploads\/2025\/04\/burrata-di-bufala-200g.webp 1080w, https:\/\/www.pontereale.com\/wp-content\/uploads\/2025\/04\/burrata-di-bufala-200g-300x300.webp 300w, https:\/\/www.pontereale.com\/wp-content\/uploads\/2025\/04\/burrata-di-bufala-200g-100x100.webp 100w, https:\/\/www.pontereale.com\/wp-content\/uploads\/2025\/04\/burrata-di-bufala-200g-600x600.webp 600w, https:\/\/www.pontereale.com\/wp-content\/uploads\/2025\/04\/burrata-di-bufala-200g-1024x1024.webp 1024w, https:\/\/www.pontereale.com\/wp-content\/uploads\/2025\/04\/burrata-di-bufala-200g-150x150.webp 150w, https:\/\/www.pontereale.com\/wp-content\/uploads\/2025\/04\/burrata-di-bufala-200g-768x768.webp 768w, https:\/\/www.pontereale.com\/wp-content\/uploads\/2025\/04\/burrata-di-bufala-200g-500x500.webp 500w\" sizes=\"(max-width: 1080px) 100vw, 1080px\" \/>\t\t\t\t\t\t\t\t<\/a>\n\t\t\t\t\t\t\t\t\t\t\t\t\t\t\t<\/div>\n\t\t\t\t<\/div>\n\t\t\t\t<\/div>\n\t\t\t\t<\/div>\n\t\t<div class=\"elementor-element elementor-element-eb4d182 e-con-full e-flex e-con e-child\" data-id=\"eb4d182\" data-element_type=\"container\" data-e-type=\"container\">\n\t\t<div class=\"elementor-element elementor-element-1201b52 e-con-full e-flex e-con e-child\" data-id=\"1201b52\" data-element_type=\"container\" data-e-type=\"container\">\n\t\t\t\t<div class=\"elementor-element elementor-element-eaf8ef8 elementor-invisible elementor-widget elementor-widget-image\" data-id=\"eaf8ef8\" data-element_type=\"widget\" data-e-type=\"widget\" data-settings=\"{&quot;_animation&quot;:&quot;bounce&quot;,&quot;_animation_tablet_extra&quot;:&quot;bounceIn&quot;}\" data-widget_type=\"image.default\">\n\t\t\t\t<div class=\"elementor-widget-container\">\n\t\t\t\t\t\t\t\t\t\t\t\t\t\t\t\t<a href=\"https:\/\/www.pontereale.com\/fr\/catalogue-de-produits\/burrata-de-bufflonne\/\">\n\t\t\t\t\t\t\t<img decoding=\"async\" src=\"https:\/\/www.pontereale.com\/wp-content\/uploads\/2025\/04\/mozzarella-latte-di-bufala-con-tartufo-125g.webp\" title=\"\" alt=\"Mozzarella 100% latte di Bufala con Tartufo - 125g - Ponte Reale\" loading=\"lazy\" \/>\t\t\t\t\t\t\t\t<\/a>\n\t\t\t\t\t\t\t\t\t\t\t\t\t\t\t<\/div>\n\t\t\t\t<\/div>\n\t\t\t\t<\/div>\n\t\t<div class=\"elementor-element elementor-element-7259282 e-con-full e-flex e-con e-child\" data-id=\"7259282\" data-element_type=\"container\" data-e-type=\"container\">\n\t\t\t\t<div class=\"elementor-element elementor-element-0d6c612 elementor-invisible elementor-widget elementor-widget-heading\" data-id=\"0d6c612\" data-element_type=\"widget\" data-e-type=\"widget\" data-settings=\"{&quot;_animation&quot;:&quot;fadeIn&quot;}\" data-widget_type=\"heading.default\">\n\t\t\t\t<div class=\"elementor-widget-container\">\n\t\t\t\t\t<h2 class=\"elementor-heading-title elementor-size-default\">Maman<\/h2>\t\t\t\t<\/div>\n\t\t\t\t<\/div>\n\t\t\t\t<div class=\"elementor-element elementor-element-8c4309e elementor-invisible elementor-widget elementor-widget-text-editor\" data-id=\"8c4309e\" data-element_type=\"widget\" data-e-type=\"widget\" data-settings=\"{&quot;_animation&quot;:&quot;fadeIn&quot;}\" data-widget_type=\"text-editor.default\">\n\t\t\t\t<div class=\"elementor-widget-container\">\n\t\t\t\t\t\t\t\t\tNotre m\u00e8re, enseignante, passionn\u00e9e et pionni\u00e8re du bio sans compromise, suit une ligne directrice dans tout ce qu\u2019elle entreprend : aimer, savoir aimer, \u00eatre digne d\u2019aimer.\t\t\t\t\t\t\t\t<\/div>\n\t\t\t\t<\/div>\n\t\t\t\t<\/div>\n\t\t\t\t<\/div>\n\t\t\t\t\t<\/div>\n\t\t\t\t<\/div>\n\t\t\t\t<\/div>\n\t\t","protected":false},"excerpt":{"rendered":"<p>L\u00e0 o\u00f9 le lait devient mozzarella. Les Rega Nous sommes Enrico, Luigi, Massimo, Maria Cristina et Carolina. \u00c0 nos c\u00f4t\u00e9s, 1 500 bufflonnes font elles aussi partie de la famille. Nous avons cr\u00e9\u00e9 notre entreprise &#8211; Ponte Reale &#8211; en 1993. \u00c0 l\u2019\u00e9poque, tout le monde parlait de Jurassic Park et la radio diffusait la [&hellip;]<\/p>\n","protected":false},"author":1,"featured_media":0,"parent":0,"menu_order":0,"comment_status":"closed","ping_status":"closed","template":"elementor_header_footer","meta":{"_acf_changed":false,"footnotes":""},"class_list":["post-4130","page","type-page","status-publish","hentry"],"acf":[],"_links":{"self":[{"href":"https:\/\/www.pontereale.com\/fr\/wp-json\/wp\/v2\/pages\/4130","targetHints":{"allow":["GET"]}}],"collection":[{"href":"https:\/\/www.pontereale.com\/fr\/wp-json\/wp\/v2\/pages"}],"about":[{"href":"https:\/\/www.pontereale.com\/fr\/wp-json\/wp\/v2\/types\/page"}],"author":[{"embeddable":true,"href":"https:\/\/www.pontereale.com\/fr\/wp-json\/wp\/v2\/users\/1"}],"replies":[{"embeddable":true,"href":"https:\/\/www.pontereale.com\/fr\/wp-json\/wp\/v2\/comments?post=4130"}],"version-history":[{"count":0,"href":"https:\/\/www.pontereale.com\/fr\/wp-json\/wp\/v2\/pages\/4130\/revisions"}],"wp:attachment":[{"href":"https:\/\/www.pontereale.com\/fr\/wp-json\/wp\/v2\/media?parent=4130"}],"curies":[{"name":"wp","href":"https:\/\/api.w.org\/{rel}","templated":true}]}}