{"id":4159,"date":"2025-05-13T11:46:11","date_gmt":"2025-05-13T09:46:11","guid":{"rendered":"https:\/\/www.pontereale.com\/il-territorio\/"},"modified":"2026-01-27T09:54:50","modified_gmt":"2026-01-27T08:54:50","slug":"le-lieu-du-lait","status":"publish","type":"page","link":"https:\/\/www.pontereale.com\/fr\/le-lieu-du-lait\/","title":{"rendered":"Le lieu du lait"},"content":{"rendered":"\t\t<div data-elementor-type=\"wp-page\" data-elementor-id=\"4159\" class=\"elementor elementor-4159 elementor-1019\">\n\t\t\t\t<div class=\"elementor-element elementor-element-7afe21c e-flex e-con-boxed e-con e-parent\" data-id=\"7afe21c\" data-element_type=\"container\" data-e-type=\"container\" data-settings=\"{&quot;background_background&quot;:&quot;classic&quot;}\">\n\t\t\t\t\t<div class=\"e-con-inner\">\n\t\t<div class=\"elementor-element elementor-element-d69ccf6 e-con-full e-flex e-con e-child\" data-id=\"d69ccf6\" data-element_type=\"container\" data-e-type=\"container\">\n\t\t\t\t<div class=\"elementor-element elementor-element-16d16c3 elementor-invisible elementor-widget elementor-widget-text-editor\" data-id=\"16d16c3\" data-element_type=\"widget\" data-e-type=\"widget\" data-settings=\"{&quot;_animation&quot;:&quot;fadeIn&quot;}\" data-widget_type=\"text-editor.default\">\n\t\t\t\t<div class=\"elementor-widget-container\">\n\t\t\t\t\t\t\t\t\t<p>Le lieu du lait.<\/p>\t\t\t\t\t\t\t\t<\/div>\n\t\t\t\t<\/div>\n\t\t\t\t<\/div>\n\t\t<div class=\"elementor-element elementor-element-298baca e-con-full e-flex e-con e-child\" data-id=\"298baca\" data-element_type=\"container\" data-e-type=\"container\">\n\t\t<div class=\"elementor-element elementor-element-824c5da e-con-full e-flex e-con e-child\" data-id=\"824c5da\" data-element_type=\"container\" data-e-type=\"container\">\n\t\t\t\t<div class=\"elementor-element elementor-element-d6e8f22 elementor-invisible elementor-widget elementor-widget-heading\" data-id=\"d6e8f22\" data-element_type=\"widget\" data-e-type=\"widget\" data-settings=\"{&quot;_animation&quot;:&quot;fadeIn&quot;}\" data-widget_type=\"heading.default\">\n\t\t\t\t<div class=\"elementor-widget-container\">\n\t\t\t\t\t<h2 class=\"elementor-heading-title elementor-size-default\">CP 81010<\/h2>\t\t\t\t<\/div>\n\t\t\t\t<\/div>\n\t\t\t\t<div class=\"elementor-element elementor-element-1161a50 elementor-invisible elementor-widget elementor-widget-text-editor\" data-id=\"1161a50\" data-element_type=\"widget\" data-e-type=\"widget\" data-settings=\"{&quot;_animation&quot;:&quot;fadeIn&quot;}\" data-widget_type=\"text-editor.default\">\n\t\t\t\t<div class=\"elementor-widget-container\">\n\t\t\t\t\t\t\t\t\t<p><strong>Notre terroir est le lieu de la mozzarella.<\/strong><\/p><p>Ponte Reale est situ\u00e9 dans une tr\u00e8s ancienne r\u00e9serve de chasse bourbonienne, toujours consid\u00e9r\u00e9e comme l\u2019un des lieux les plus beaux et pr\u00e9serv\u00e9s de l\u2019ensemble du \u00ab Royaume des Deux-Siciles \u00bb.<\/p>\t\t\t\t\t\t\t\t<\/div>\n\t\t\t\t<\/div>\n\t\t\t\t<\/div>\n\t\t<div class=\"elementor-element elementor-element-916d3fb e-con-full e-flex e-con e-child\" data-id=\"916d3fb\" data-element_type=\"container\" data-e-type=\"container\">\n\t\t\t\t<div class=\"elementor-element elementor-element-2f54779 elementor-widget elementor-widget-image\" data-id=\"2f54779\" data-element_type=\"widget\" data-e-type=\"widget\" data-settings=\"{&quot;raven_motion_effects_scrolling&quot;:&quot;yes&quot;,&quot;raven_motion_effects_scale_fx&quot;:&quot;yes&quot;,&quot;raven_motion_effects_scale_fx_intensity&quot;:{&quot;unit&quot;:&quot;px&quot;,&quot;size&quot;:2,&quot;sizes&quot;:[]},&quot;raven_motion_effects_scale_fx_direction&quot;:&quot;out-in&quot;,&quot;raven_motion_effects_scale_fx_viewport&quot;:{&quot;unit&quot;:&quot;%&quot;,&quot;size&quot;:&quot;&quot;,&quot;sizes&quot;:{&quot;start&quot;:20,&quot;end&quot;:80}},&quot;raven_motion_effects_devices&quot;:[&quot;widescreen&quot;,&quot;desktop&quot;,&quot;laptop&quot;,&quot;tablet_extra&quot;,&quot;tablet&quot;,&quot;mobile_extra&quot;,&quot;mobile&quot;]}\" data-widget_type=\"image.default\">\n\t\t\t\t<div class=\"elementor-widget-container\">\n\t\t\t\t\t\t\t\t\t\t\t\t\t\t\t<img fetchpriority=\"high\" decoding=\"async\" width=\"1080\" height=\"800\" src=\"https:\/\/www.pontereale.com\/wp-content\/uploads\/2025\/05\/mucca-busta.webp\" class=\"attachment-full size-full wp-image-4161\" alt=\"\" srcset=\"https:\/\/www.pontereale.com\/wp-content\/uploads\/2025\/05\/mucca-busta.webp 1080w, https:\/\/www.pontereale.com\/wp-content\/uploads\/2025\/05\/mucca-busta-600x444.webp 600w, https:\/\/www.pontereale.com\/wp-content\/uploads\/2025\/05\/mucca-busta-300x222.webp 300w, https:\/\/www.pontereale.com\/wp-content\/uploads\/2025\/05\/mucca-busta-1024x759.webp 1024w, https:\/\/www.pontereale.com\/wp-content\/uploads\/2025\/05\/mucca-busta-768x569.webp 768w\" sizes=\"(max-width: 1080px) 100vw, 1080px\" \/>\t\t\t\t\t\t\t\t\t\t\t\t\t\t\t<\/div>\n\t\t\t\t<\/div>\n\t\t\t\t<\/div>\n\t\t\t\t<\/div>\n\t\t<div class=\"elementor-element elementor-element-9ea6905 e-con-full e-flex e-con e-child\" data-id=\"9ea6905\" data-element_type=\"container\" data-e-type=\"container\">\n\t\t<div class=\"elementor-element elementor-element-641df3b e-con-full e-flex e-con e-child\" data-id=\"641df3b\" data-element_type=\"container\" data-e-type=\"container\">\n\t\t\t\t<div class=\"elementor-element elementor-element-365324c elementor-invisible elementor-widget elementor-widget-image\" data-id=\"365324c\" data-element_type=\"widget\" data-e-type=\"widget\" data-settings=\"{&quot;_animation&quot;:&quot;bounce&quot;,&quot;_animation_tablet_extra&quot;:&quot;bounceIn&quot;}\" data-widget_type=\"image.default\">\n\t\t\t\t<div class=\"elementor-widget-container\">\n\t\t\t\t\t\t\t\t\t\t\t\t\t\t\t\t<a href=\"https:\/\/www.pontereale.com\/fr\/catalogue-de-produits\/mozzarella-de-bufflonne-campana-aop\/\">\n\t\t\t\t\t\t\t<img decoding=\"async\" width=\"1080\" height=\"1080\" src=\"https:\/\/www.pontereale.com\/wp-content\/uploads\/2025\/03\/dop-bufala-200g.webp\" class=\"attachment-full size-full wp-image-4162\" alt=\"Mozzarella di Bufala Campana DOP - 200g - Caseificio Ponte Reale\" srcset=\"https:\/\/www.pontereale.com\/wp-content\/uploads\/2025\/03\/dop-bufala-200g.webp 1080w, https:\/\/www.pontereale.com\/wp-content\/uploads\/2025\/03\/dop-bufala-200g-300x300.webp 300w, https:\/\/www.pontereale.com\/wp-content\/uploads\/2025\/03\/dop-bufala-200g-100x100.webp 100w, https:\/\/www.pontereale.com\/wp-content\/uploads\/2025\/03\/dop-bufala-200g-600x600.webp 600w, https:\/\/www.pontereale.com\/wp-content\/uploads\/2025\/03\/dop-bufala-200g-1024x1024.webp 1024w, https:\/\/www.pontereale.com\/wp-content\/uploads\/2025\/03\/dop-bufala-200g-150x150.webp 150w, https:\/\/www.pontereale.com\/wp-content\/uploads\/2025\/03\/dop-bufala-200g-768x768.webp 768w, https:\/\/www.pontereale.com\/wp-content\/uploads\/2025\/03\/dop-bufala-200g-500x500.webp 500w\" sizes=\"(max-width: 1080px) 100vw, 1080px\" \/>\t\t\t\t\t\t\t\t<\/a>\n\t\t\t\t\t\t\t\t\t\t\t\t\t\t\t<\/div>\n\t\t\t\t<\/div>\n\t\t\t\t<\/div>\n\t\t<div class=\"elementor-element elementor-element-5c727b0 e-con-full e-flex e-con e-child\" data-id=\"5c727b0\" data-element_type=\"container\" data-e-type=\"container\">\n\t\t\t\t<div class=\"elementor-element elementor-element-6444950 elementor-invisible elementor-widget elementor-widget-heading\" data-id=\"6444950\" data-element_type=\"widget\" data-e-type=\"widget\" data-settings=\"{&quot;_animation&quot;:&quot;fadeIn&quot;}\" data-widget_type=\"heading.default\">\n\t\t\t\t<div class=\"elementor-widget-container\">\n\t\t\t\t\t<h2 class=\"elementor-heading-title elementor-size-default\">Entre la Campanie et le Molise<\/h2>\t\t\t\t<\/div>\n\t\t\t\t<\/div>\n\t\t\t\t<div class=\"elementor-element elementor-element-699a1aa elementor-invisible elementor-widget elementor-widget-text-editor\" data-id=\"699a1aa\" data-element_type=\"widget\" data-e-type=\"widget\" data-settings=\"{&quot;_animation&quot;:&quot;fadeIn&quot;}\" data-widget_type=\"text-editor.default\">\n\t\t\t\t<div class=\"elementor-widget-container\">\n\t\t\t\t\t\t\t\t\t<p>Ces lieux, situ\u00e9s \u00e0 la fronti\u00e8re entre la Campanie et le Molise, font partie du Parc National du Matese et de la r\u00e9serve naturelle \u00ab le Mortine \u00bb, s\u2019\u00e9tendant sur la vall\u00e9e de l\u2019Alto Volturno, qui sert de tampon entre le Parc National des Abruzzes et celui du Matese. Chaque endroit poss\u00e8de des excellences qui composent son patrimoine agroalimentaire. Ici, essayez de la contester : <strong>c\u2019est l\u00e0 que la mozzarella de bufflonne est n\u00e9e.<\/strong><\/p>\t\t\t\t\t\t\t\t<\/div>\n\t\t\t\t<\/div>\n\t\t\t\t<\/div>\n\t\t\t\t<\/div>\n\t\t<div class=\"elementor-element elementor-element-cb17ab8 e-con-full e-flex e-con e-child\" data-id=\"cb17ab8\" data-element_type=\"container\" data-e-type=\"container\">\n\t\t<div class=\"elementor-element elementor-element-51ea89e e-con-full e-flex e-con e-child\" data-id=\"51ea89e\" data-element_type=\"container\" data-e-type=\"container\">\n\t\t\t\t<div class=\"elementor-element elementor-element-01bd353 elementor-invisible elementor-widget elementor-widget-heading\" data-id=\"01bd353\" data-element_type=\"widget\" data-e-type=\"widget\" data-settings=\"{&quot;_animation&quot;:&quot;fadeIn&quot;}\" data-widget_type=\"heading.default\">\n\t\t\t\t<div class=\"elementor-widget-container\">\n\t\t\t\t\t<h2 class=\"elementor-heading-title elementor-size-default\">Rural, authentique, spontan\u00e9.<\/h2>\t\t\t\t<\/div>\n\t\t\t\t<\/div>\n\t\t\t\t<div class=\"elementor-element elementor-element-c6303f2 elementor-invisible elementor-widget elementor-widget-text-editor\" data-id=\"c6303f2\" data-element_type=\"widget\" data-e-type=\"widget\" data-settings=\"{&quot;_animation&quot;:&quot;fadeIn&quot;}\" data-widget_type=\"text-editor.default\">\n\t\t\t\t<div class=\"elementor-widget-container\">\n\t\t\t\t\t\t\t\t\t<p>Pour nous, c\u2019est le lieu du lait, l\u2019endroit qui engendre tout, le lieu dont nous d\u00e9pendons et que nous honorons. Et comme tout d\u00e9biteur respectable, nous ne for\u00e7ons rien : moins nous le touchons, plus il nous r\u00e9compense.<\/p>\t\t\t\t\t\t\t\t<\/div>\n\t\t\t\t<\/div>\n\t\t\t\t<\/div>\n\t\t<div class=\"elementor-element elementor-element-9d03e4b e-con-full e-flex e-con e-child\" data-id=\"9d03e4b\" data-element_type=\"container\" data-e-type=\"container\">\n\t\t\t\t<div class=\"elementor-element elementor-element-c19a803 elementor-widget elementor-widget-image\" data-id=\"c19a803\" data-element_type=\"widget\" data-e-type=\"widget\" data-widget_type=\"image.default\">\n\t\t\t\t<div class=\"elementor-widget-container\">\n\t\t\t\t\t\t\t\t\t\t\t\t\t\t\t\t<a href=\"https:\/\/www.pontereale.com\/catalogo\/mozzarella-di-bufala-campana-dop\/\">\n\t\t\t\t\t\t\t<img decoding=\"async\" width=\"1080\" height=\"1080\" src=\"https:\/\/www.pontereale.com\/wp-content\/uploads\/2025\/05\/posta.webp\" class=\"attachment-full size-full wp-image-4163\" alt=\"\" srcset=\"https:\/\/www.pontereale.com\/wp-content\/uploads\/2025\/05\/posta.webp 1080w, https:\/\/www.pontereale.com\/wp-content\/uploads\/2025\/05\/posta-300x300.webp 300w, https:\/\/www.pontereale.com\/wp-content\/uploads\/2025\/05\/posta-100x100.webp 100w, https:\/\/www.pontereale.com\/wp-content\/uploads\/2025\/05\/posta-600x600.webp 600w, https:\/\/www.pontereale.com\/wp-content\/uploads\/2025\/05\/posta-1024x1024.webp 1024w, https:\/\/www.pontereale.com\/wp-content\/uploads\/2025\/05\/posta-150x150.webp 150w, https:\/\/www.pontereale.com\/wp-content\/uploads\/2025\/05\/posta-768x768.webp 768w, https:\/\/www.pontereale.com\/wp-content\/uploads\/2025\/05\/posta-500x500.webp 500w\" sizes=\"(max-width: 1080px) 100vw, 1080px\" \/>\t\t\t\t\t\t\t\t<\/a>\n\t\t\t\t\t\t\t\t\t\t\t\t\t\t\t<\/div>\n\t\t\t\t<\/div>\n\t\t\t\t<\/div>\n\t\t\t\t<\/div>\n\t\t\t\t\t<\/div>\n\t\t\t\t<\/div>\n\t\t\t\t<\/div>\n\t\t","protected":false},"excerpt":{"rendered":"<p>Le lieu du lait. CP 81010 Notre terroir est le lieu de la mozzarella. Ponte Reale est situ\u00e9 dans une tr\u00e8s ancienne r\u00e9serve de chasse bourbonienne, toujours consid\u00e9r\u00e9e comme l\u2019un des lieux les plus beaux et pr\u00e9serv\u00e9s de l\u2019ensemble du \u00ab Royaume des Deux-Siciles \u00bb. Entre la Campanie et le Molise Ces lieux, situ\u00e9s \u00e0 [&hellip;]<\/p>\n","protected":false},"author":1,"featured_media":0,"parent":0,"menu_order":0,"comment_status":"closed","ping_status":"closed","template":"elementor_header_footer","meta":{"_acf_changed":false,"footnotes":""},"class_list":["post-4159","page","type-page","status-publish","hentry"],"acf":[],"_links":{"self":[{"href":"https:\/\/www.pontereale.com\/fr\/wp-json\/wp\/v2\/pages\/4159","targetHints":{"allow":["GET"]}}],"collection":[{"href":"https:\/\/www.pontereale.com\/fr\/wp-json\/wp\/v2\/pages"}],"about":[{"href":"https:\/\/www.pontereale.com\/fr\/wp-json\/wp\/v2\/types\/page"}],"author":[{"embeddable":true,"href":"https:\/\/www.pontereale.com\/fr\/wp-json\/wp\/v2\/users\/1"}],"replies":[{"embeddable":true,"href":"https:\/\/www.pontereale.com\/fr\/wp-json\/wp\/v2\/comments?post=4159"}],"version-history":[{"count":0,"href":"https:\/\/www.pontereale.com\/fr\/wp-json\/wp\/v2\/pages\/4159\/revisions"}],"wp:attachment":[{"href":"https:\/\/www.pontereale.com\/fr\/wp-json\/wp\/v2\/media?parent=4159"}],"curies":[{"name":"wp","href":"https:\/\/api.w.org\/{rel}","templated":true}]}}