{"id":4189,"date":"2025-10-27T11:08:33","date_gmt":"2025-10-27T10:08:33","guid":{"rendered":"https:\/\/www.pontereale.com\/catalogue-de-produits\/altri-formaggi\/"},"modified":"2026-01-28T10:10:58","modified_gmt":"2026-01-28T09:10:58","slug":"autres-fromages","status":"publish","type":"page","link":"https:\/\/www.pontereale.com\/fr\/catalogue-de-produits\/autres-fromages\/","title":{"rendered":"Autres fromages"},"content":{"rendered":"\t\t<div data-elementor-type=\"wp-page\" data-elementor-id=\"4189\" class=\"elementor elementor-4189 elementor-3028\">\n\t\t\t\t<div class=\"elementor-element elementor-element-a67a495 e-con-full e-flex e-con e-child\" data-id=\"a67a495\" data-element_type=\"container\" data-e-type=\"container\" data-settings=\"{&quot;background_background&quot;:&quot;classic&quot;,&quot;shape_divider_bottom&quot;:&quot;curve&quot;}\">\n\t\t\t\t<div class=\"elementor-shape elementor-shape-bottom\" aria-hidden=\"true\" data-negative=\"false\">\n\t\t\t<svg xmlns=\"http:\/\/www.w3.org\/2000\/svg\" viewBox=\"0 0 1000 100\" preserveAspectRatio=\"none\">\n    <path class=\"elementor-shape-fill\" d=\"M1000,4.3V0H0v4.3C0.9,23.1,126.7,99.2,500,100S1000,22.7,1000,4.3z\"\/>\n<\/svg>\t\t<\/div>\n\t\t<div class=\"elementor-element elementor-element-0e6054a e-flex e-con-boxed e-con e-child\" data-id=\"0e6054a\" data-element_type=\"container\" data-e-type=\"container\" data-settings=\"{&quot;background_background&quot;:&quot;classic&quot;}\">\n\t\t\t\t\t<div class=\"e-con-inner\">\n\t\t\t\t<div class=\"elementor-element elementor-element-91b97c7 elementor-invisible elementor-widget elementor-widget-image\" data-id=\"91b97c7\" data-element_type=\"widget\" data-e-type=\"widget\" data-settings=\"{&quot;raven_motion_effects_scrolling&quot;:&quot;yes&quot;,&quot;raven_motion_effects_scale_fx&quot;:&quot;yes&quot;,&quot;raven_motion_effects_scale_fx_intensity&quot;:{&quot;unit&quot;:&quot;px&quot;,&quot;size&quot;:1,&quot;sizes&quot;:[]},&quot;_animation&quot;:&quot;fadeIn&quot;,&quot;raven_motion_effects_scale_fx_direction&quot;:&quot;out-in&quot;,&quot;raven_motion_effects_scale_fx_viewport&quot;:{&quot;unit&quot;:&quot;%&quot;,&quot;size&quot;:&quot;&quot;,&quot;sizes&quot;:{&quot;start&quot;:20,&quot;end&quot;:80}},&quot;raven_motion_effects_devices&quot;:[&quot;widescreen&quot;,&quot;desktop&quot;,&quot;laptop&quot;,&quot;tablet_extra&quot;,&quot;tablet&quot;,&quot;mobile_extra&quot;,&quot;mobile&quot;]}\" data-widget_type=\"image.default\">\n\t\t\t\t<div class=\"elementor-widget-container\">\n\t\t\t\t\t\t\t\t\t\t\t\t\t\t\t<img fetchpriority=\"high\" decoding=\"async\" width=\"1200\" height=\"800\" src=\"https:\/\/www.pontereale.com\/wp-content\/uploads\/2025\/10\/intro-altri-formaggi-1.webp\" class=\"attachment-full size-full wp-image-4192\" alt=\"\" srcset=\"https:\/\/www.pontereale.com\/wp-content\/uploads\/2025\/10\/intro-altri-formaggi-1.webp 1200w, https:\/\/www.pontereale.com\/wp-content\/uploads\/2025\/10\/intro-altri-formaggi-1-600x400.webp 600w, https:\/\/www.pontereale.com\/wp-content\/uploads\/2025\/10\/intro-altri-formaggi-1-300x200.webp 300w, https:\/\/www.pontereale.com\/wp-content\/uploads\/2025\/10\/intro-altri-formaggi-1-1024x683.webp 1024w, https:\/\/www.pontereale.com\/wp-content\/uploads\/2025\/10\/intro-altri-formaggi-1-768x512.webp 768w\" sizes=\"(max-width: 1200px) 100vw, 1200px\" \/>\t\t\t\t\t\t\t\t\t\t\t\t\t\t\t<\/div>\n\t\t\t\t<\/div>\n\t\t\t\t\t<\/div>\n\t\t\t\t<\/div>\n\t\t\t\t<\/div>\n\t\t<div class=\"elementor-element elementor-element-a9b9377 e-flex e-con-boxed e-con e-parent\" data-id=\"a9b9377\" data-element_type=\"container\" data-e-type=\"container\">\n\t\t\t\t\t<div class=\"e-con-inner\">\n\t\t\t\t<div class=\"elementor-element elementor-element-85a599e elementor-invisible elementor-widget elementor-widget-heading\" data-id=\"85a599e\" data-element_type=\"widget\" data-e-type=\"widget\" data-settings=\"{&quot;_animation&quot;:&quot;fadeIn&quot;}\" data-widget_type=\"heading.default\">\n\t\t\t\t<div class=\"elementor-widget-container\">\n\t\t\t\t\t<h1 class=\"elementor-heading-title elementor-size-default\">Autres fromages<\/h1>\t\t\t\t<\/div>\n\t\t\t\t<\/div>\n\t\t\t\t\t<\/div>\n\t\t\t\t<\/div>\n\t\t<div class=\"elementor-element elementor-element-fda63a8 e-flex e-con-boxed e-con e-parent\" data-id=\"fda63a8\" data-element_type=\"container\" data-e-type=\"container\" data-settings=\"{&quot;shape_divider_bottom&quot;:&quot;curve&quot;,&quot;shape_divider_bottom_negative&quot;:&quot;yes&quot;}\">\n\t\t\t\t\t<div class=\"e-con-inner\">\n\t\t\t\t<div class=\"elementor-shape elementor-shape-bottom\" aria-hidden=\"true\" data-negative=\"true\">\n\t\t\t<svg xmlns=\"http:\/\/www.w3.org\/2000\/svg\" viewBox=\"0 0 1000 100\" preserveAspectRatio=\"none\">\n\t<path class=\"elementor-shape-fill\" d=\"M500,97C126.7,96.3,0.8,19.8,0,0v100l1000,0V1C1000,19.4,873.3,97.8,500,97z\"\/>\n<\/svg>\t\t<\/div>\n\t\t<div class=\"elementor-element elementor-element-5f7c8d3 e-con-full e-flex e-con e-child\" data-id=\"5f7c8d3\" data-element_type=\"container\" data-e-type=\"container\">\n\t\t\t\t<div class=\"elementor-element elementor-element-affec21 elementor-invisible elementor-widget elementor-widget-heading\" data-id=\"affec21\" data-element_type=\"widget\" data-e-type=\"widget\" data-settings=\"{&quot;_animation&quot;:&quot;fadeIn&quot;}\" data-widget_type=\"heading.default\">\n\t\t\t\t<div class=\"elementor-widget-container\">\n\t\t\t\t\t<h2 class=\"elementor-heading-title elementor-size-default\">La cr\u00e8me, le c\u0153ur et l'\u00e2me<\/h2>\t\t\t\t<\/div>\n\t\t\t\t<\/div>\n\t\t\t\t<div class=\"elementor-element elementor-element-9470f4c elementor-invisible elementor-widget elementor-widget-text-editor\" data-id=\"9470f4c\" data-element_type=\"widget\" data-e-type=\"widget\" data-settings=\"{&quot;_animation&quot;:&quot;fadeIn&quot;}\" data-widget_type=\"text-editor.default\">\n\t\t\t\t<div class=\"elementor-widget-container\">\n\t\t\t\t\t\t\t\t\t<p>Des r\u00e9cits d&rsquo;un territoire, capable d&rsquo;offrir une exp\u00e9rience sensorielle qui m\u00eale douceur, intensit\u00e9 et une texture qui caresse le palais.<\/p>\t\t\t\t\t\t\t\t<\/div>\n\t\t\t\t<\/div>\n\t\t\t\t<div class=\"elementor-element elementor-element-76f69e9 elementor-widget elementor-widget-image\" data-id=\"76f69e9\" data-element_type=\"widget\" data-e-type=\"widget\" data-widget_type=\"image.default\">\n\t\t\t\t<div class=\"elementor-widget-container\">\n\t\t\t\t\t\t\t\t\t\t\t\t\t\t\t<img decoding=\"async\" width=\"1080\" height=\"1080\" src=\"https:\/\/www.pontereale.com\/wp-content\/uploads\/2025\/05\/bufala-che-guarda-in-alto.webp\" class=\"attachment-full size-full wp-image-4150\" alt=\"\" srcset=\"https:\/\/www.pontereale.com\/wp-content\/uploads\/2025\/05\/bufala-che-guarda-in-alto.webp 1080w, https:\/\/www.pontereale.com\/wp-content\/uploads\/2025\/05\/bufala-che-guarda-in-alto-300x300.webp 300w, https:\/\/www.pontereale.com\/wp-content\/uploads\/2025\/05\/bufala-che-guarda-in-alto-100x100.webp 100w, https:\/\/www.pontereale.com\/wp-content\/uploads\/2025\/05\/bufala-che-guarda-in-alto-600x600.webp 600w, https:\/\/www.pontereale.com\/wp-content\/uploads\/2025\/05\/bufala-che-guarda-in-alto-1024x1024.webp 1024w, https:\/\/www.pontereale.com\/wp-content\/uploads\/2025\/05\/bufala-che-guarda-in-alto-150x150.webp 150w, https:\/\/www.pontereale.com\/wp-content\/uploads\/2025\/05\/bufala-che-guarda-in-alto-768x768.webp 768w, https:\/\/www.pontereale.com\/wp-content\/uploads\/2025\/05\/bufala-che-guarda-in-alto-500x500.webp 500w\" sizes=\"(max-width: 1080px) 100vw, 1080px\" \/>\t\t\t\t\t\t\t\t\t\t\t\t\t\t\t<\/div>\n\t\t\t\t<\/div>\n\t\t\t\t<\/div>\n\t\t<div class=\"elementor-element elementor-element-28313d9 e-con-full e-flex e-con e-child\" data-id=\"28313d9\" data-element_type=\"container\" data-e-type=\"container\">\n\t\t\t\t<div class=\"elementor-element elementor-element-e7df617 elementor-widget elementor-widget-image\" data-id=\"e7df617\" data-element_type=\"widget\" data-e-type=\"widget\" data-settings=\"{&quot;raven_motion_effects_scrolling&quot;:&quot;yes&quot;,&quot;raven_motion_effects_scale_fx&quot;:&quot;yes&quot;,&quot;raven_motion_effects_scale_fx_intensity&quot;:{&quot;unit&quot;:&quot;px&quot;,&quot;size&quot;:1,&quot;sizes&quot;:[]},&quot;raven_motion_effects_scale_fx_direction&quot;:&quot;out-in&quot;,&quot;raven_motion_effects_scale_fx_viewport&quot;:{&quot;unit&quot;:&quot;%&quot;,&quot;size&quot;:&quot;&quot;,&quot;sizes&quot;:{&quot;start&quot;:20,&quot;end&quot;:80}},&quot;raven_motion_effects_devices&quot;:[&quot;widescreen&quot;,&quot;desktop&quot;,&quot;laptop&quot;,&quot;tablet_extra&quot;,&quot;tablet&quot;,&quot;mobile_extra&quot;,&quot;mobile&quot;]}\" data-widget_type=\"image.default\">\n\t\t\t\t<div class=\"elementor-widget-container\">\n\t\t\t\t\t\t\t\t\t\t\t\t\t\t\t<img decoding=\"async\" width=\"1200\" height=\"1000\" src=\"https:\/\/www.pontereale.com\/wp-content\/uploads\/2025\/05\/bufala-sdraio.webp\" class=\"attachment-full size-full wp-image-4093\" alt=\"\" srcset=\"https:\/\/www.pontereale.com\/wp-content\/uploads\/2025\/05\/bufala-sdraio.webp 1200w, https:\/\/www.pontereale.com\/wp-content\/uploads\/2025\/05\/bufala-sdraio-600x500.webp 600w, https:\/\/www.pontereale.com\/wp-content\/uploads\/2025\/05\/bufala-sdraio-300x250.webp 300w, https:\/\/www.pontereale.com\/wp-content\/uploads\/2025\/05\/bufala-sdraio-1024x853.webp 1024w, https:\/\/www.pontereale.com\/wp-content\/uploads\/2025\/05\/bufala-sdraio-768x640.webp 768w\" sizes=\"(max-width: 1200px) 100vw, 1200px\" \/>\t\t\t\t\t\t\t\t\t\t\t\t\t\t\t<\/div>\n\t\t\t\t<\/div>\n\t\t<div class=\"elementor-element elementor-element-bcfb96e e-con-full e-flex e-con e-child\" data-id=\"bcfb96e\" data-element_type=\"container\" data-e-type=\"container\">\n\t\t\t\t<div class=\"elementor-element elementor-element-6531e27 elementor-invisible elementor-widget elementor-widget-heading\" data-id=\"6531e27\" data-element_type=\"widget\" data-e-type=\"widget\" data-settings=\"{&quot;_animation&quot;:&quot;fadeIn&quot;}\" data-widget_type=\"heading.default\">\n\t\t\t\t<div class=\"elementor-widget-container\">\n\t\t\t\t\t<h2 class=\"elementor-heading-title elementor-size-default\">Si c'\u00e9tait un r\u00eave :<\/h2>\t\t\t\t<\/div>\n\t\t\t\t<\/div>\n\t\t\t\t<div class=\"elementor-element elementor-element-c87ae82 elementor-invisible elementor-widget elementor-widget-text-editor\" data-id=\"c87ae82\" data-element_type=\"widget\" data-e-type=\"widget\" data-settings=\"{&quot;_animation&quot;:&quot;fadeIn&quot;}\" data-widget_type=\"text-editor.default\">\n\t\t\t\t<div class=\"elementor-widget-container\">\n\t\t\t\t\t\t\t\t\t<p>Ce serait comme un doux r\u00e9veil par une matin\u00e9e ensoleill\u00e9e. Une r\u00eaverie o\u00f9 le go\u00fbt le plus authentique devient messager de bonheur.<\/p>\t\t\t\t\t\t\t\t<\/div>\n\t\t\t\t<\/div>\n\t\t\t\t<\/div>\n\t\t\t\t<\/div>\n\t\t\t\t\t<\/div>\n\t\t\t\t<\/div>\n\t\t<div class=\"elementor-element elementor-element-a95be10 e-flex e-con-boxed e-con e-parent\" data-id=\"a95be10\" data-element_type=\"container\" data-e-type=\"container\" data-settings=\"{&quot;background_background&quot;:&quot;classic&quot;}\">\n\t\t\t\t\t<div class=\"e-con-inner\">\n\t\t\t\t<div class=\"elementor-element elementor-element-d8b3423 elementor-icon-list--layout-inline elementor-mobile-align-center elementor-align-center elementor-tablet-align-center elementor-list-item-link-full_width elementor-widget elementor-widget-icon-list\" data-id=\"d8b3423\" data-element_type=\"widget\" data-e-type=\"widget\" data-widget_type=\"icon-list.default\">\n\t\t\t\t<div class=\"elementor-widget-container\">\n\t\t\t\t\t\t\t<ul class=\"elementor-icon-list-items elementor-inline-items\">\n\t\t\t\t\t\t\t<li class=\"elementor-icon-list-item elementor-inline-item\">\n\t\t\t\t\t\t\t\t\t\t\t<a href=\"https:\/\/www.pontereale.com\/fr\/\">\n\n\t\t\t\t\t\t\t\t\t\t\t\t<span class=\"elementor-icon-list-icon\">\n\t\t\t\t\t\t\t<svg aria-hidden=\"true\" class=\"e-font-icon-svg e-fas-chevron-right\" viewBox=\"0 0 320 512\" xmlns=\"http:\/\/www.w3.org\/2000\/svg\"><path d=\"M285.476 272.971L91.132 467.314c-9.373 9.373-24.569 9.373-33.941 0l-22.667-22.667c-9.357-9.357-9.375-24.522-.04-33.901L188.505 256 34.484 101.255c-9.335-9.379-9.317-24.544.04-33.901l22.667-22.667c9.373-9.373 24.569-9.373 33.941 0L285.475 239.03c9.373 9.372 9.373 24.568.001 33.941z\"><\/path><\/svg>\t\t\t\t\t\t<\/span>\n\t\t\t\t\t\t\t\t\t\t<span class=\"elementor-icon-list-text\">Accueil<\/span>\n\t\t\t\t\t\t\t\t\t\t\t<\/a>\n\t\t\t\t\t\t\t\t\t<\/li>\n\t\t\t\t\t\t\t\t<li class=\"elementor-icon-list-item elementor-inline-item\">\n\t\t\t\t\t\t\t\t\t\t\t<a href=\"https:\/\/www.pontereale.com\/fr\/catalogue-de-produits\/\">\n\n\t\t\t\t\t\t\t\t\t\t\t\t<span class=\"elementor-icon-list-icon\">\n\t\t\t\t\t\t\t<svg aria-hidden=\"true\" class=\"e-font-icon-svg e-fas-chevron-right\" viewBox=\"0 0 320 512\" xmlns=\"http:\/\/www.w3.org\/2000\/svg\"><path d=\"M285.476 272.971L91.132 467.314c-9.373 9.373-24.569 9.373-33.941 0l-22.667-22.667c-9.357-9.357-9.375-24.522-.04-33.901L188.505 256 34.484 101.255c-9.335-9.379-9.317-24.544.04-33.901l22.667-22.667c9.373-9.373 24.569-9.373 33.941 0L285.475 239.03c9.373 9.372 9.373 24.568.001 33.941z\"><\/path><\/svg>\t\t\t\t\t\t<\/span>\n\t\t\t\t\t\t\t\t\t\t<span class=\"elementor-icon-list-text\">Tous les produits<\/span>\n\t\t\t\t\t\t\t\t\t\t\t<\/a>\n\t\t\t\t\t\t\t\t\t<\/li>\n\t\t\t\t\t\t\t\t<li class=\"elementor-icon-list-item elementor-inline-item\">\n\t\t\t\t\t\t\t\t\t\t\t<span class=\"elementor-icon-list-icon\">\n\t\t\t\t\t\t\t<svg aria-hidden=\"true\" class=\"e-font-icon-svg e-fas-chevron-right\" viewBox=\"0 0 320 512\" xmlns=\"http:\/\/www.w3.org\/2000\/svg\"><path d=\"M285.476 272.971L91.132 467.314c-9.373 9.373-24.569 9.373-33.941 0l-22.667-22.667c-9.357-9.357-9.375-24.522-.04-33.901L188.505 256 34.484 101.255c-9.335-9.379-9.317-24.544.04-33.901l22.667-22.667c9.373-9.373 24.569-9.373 33.941 0L285.475 239.03c9.373 9.372 9.373 24.568.001 33.941z\"><\/path><\/svg>\t\t\t\t\t\t<\/span>\n\t\t\t\t\t\t\t\t\t\t<span class=\"elementor-icon-list-text\"><strong>Autres fromages<\/strong><\/span>\n\t\t\t\t\t\t\t\t\t<\/li>\n\t\t\t\t\t\t<\/ul>\n\t\t\t\t\t\t<\/div>\n\t\t\t\t<\/div>\n\t\t\t\t<div class=\"elementor-element elementor-element-f34df90 elementor-invisible elementor-widget elementor-widget-heading\" data-id=\"f34df90\" data-element_type=\"widget\" data-e-type=\"widget\" data-settings=\"{&quot;_animation&quot;:&quot;fadeIn&quot;}\" data-widget_type=\"heading.default\">\n\t\t\t\t<div class=\"elementor-widget-container\">\n\t\t\t\t\t<h1 class=\"elementor-heading-title elementor-size-default\">Une consistance qui caresse le palais<\/h1>\t\t\t\t<\/div>\n\t\t\t\t<\/div>\n\t\t\t\t<div class=\"elementor-element elementor-element-6ff2728 elementor-widget elementor-widget-raven-advanced-posts\" data-id=\"6ff2728\" data-element_type=\"widget\" data-e-type=\"widget\" data-settings=\"{&quot;columns_tablet_extra&quot;:&quot;2&quot;,&quot;columns_mobile_extra&quot;:&quot;1&quot;,&quot;query_posts_per_page&quot;:-1,&quot;general_layout&quot;:&quot;grid&quot;,&quot;columns&quot;:&quot;3&quot;,&quot;columns_tablet&quot;:&quot;2&quot;,&quot;columns_mobile&quot;:&quot;1&quot;,&quot;query_orderby&quot;:&quot;date&quot;,&quot;query_offset&quot;:0}\" data-widget_type=\"raven-advanced-posts.default\">\n\t\t\t\t<div class=\"elementor-widget-container\">\n\t\t\t\t\t\t\t<div class=\"raven-posts raven-posts-grid\">\n\t\t\t\t\t\t<div class=\"advanced-posts-content content-layout-under-image raven-grid raven-grid-3 raven-grid-mobile-1 raven-grid-mobile_extra-1 raven-grid-tablet-2 raven-grid-tablet_extra-2 raven-grid-laptop- raven-grid-widescreen-  \" data-post-id=\"4189\" data-archive-query=\"\">\n\t\t\t\t<div class=\"raven-posts-item raven-grid-item  \"><div class=\"raven-post-wrapper \"><div class=\"raven-post  \"><div class=\"raven-post-content\" data-id=\"4420\"><h3 class=\"raven-post-title\"><a class=\"raven-post-title-link\" href=\"https:\/\/www.pontereale.com\/fr\/autres-fromages\/camembert-de-bufflonne-bio-1x250g-fr\/\">Le Camembert de bufflonne bio &#8211; 1x250g<\/a><\/h3><\/div><\/div><\/div><\/div><div class=\"raven-posts-item raven-grid-item  \"><div class=\"raven-post-wrapper \"><div class=\"raven-post  \"><div class=\"raven-post-content\" data-id=\"4425\"><h3 class=\"raven-post-title\"><a class=\"raven-post-title-link\" href=\"https:\/\/www.pontereale.com\/fr\/autres-fromages\/camembert-de-bufflonne-1x250g-fr\/\">Le Camembert de bufflonne &#8211; 1x250g<\/a><\/h3><\/div><\/div><\/div><\/div><div class=\"raven-posts-item raven-grid-item  \"><div class=\"raven-post-wrapper \"><div class=\"raven-post  \"><div class=\"raven-post-content\" data-id=\"4427\"><h3 class=\"raven-post-title\"><a class=\"raven-post-title-link\" href=\"https:\/\/www.pontereale.com\/fr\/autres-fromages\/bufaleggio-bio-1-kg-fr\/\">Le Bufaleggio Bio &#8211; 1 Kg<\/a><\/h3><\/div><\/div><\/div><\/div><div class=\"raven-posts-item raven-grid-item  \"><div class=\"raven-post-wrapper \"><div class=\"raven-post  \"><div class=\"raven-post-content\" data-id=\"4430\"><h3 class=\"raven-post-title\"><a class=\"raven-post-title-link\" href=\"https:\/\/www.pontereale.com\/fr\/autres-fromages\/bufaleggio-1kg-fr\/\">Le Bufaleggio &#8211; 1Kg<\/a><\/h3><\/div><\/div><\/div><\/div><div class=\"raven-posts-item raven-grid-item  \"><div class=\"raven-post-wrapper \"><div class=\"raven-post  \"><div class=\"raven-post-content\" data-id=\"4432\"><h3 class=\"raven-post-title\"><a class=\"raven-post-title-link\" href=\"https:\/\/www.pontereale.com\/fr\/autres-fromages\/bufaleggio-bio-180g-fr\/\">Le Bufaleggio Bio &#8211; 180g<\/a><\/h3><\/div><\/div><\/div><\/div><div class=\"raven-posts-item raven-grid-item  \"><div class=\"raven-post-wrapper \"><div class=\"raven-post  \"><div class=\"raven-post-content\" data-id=\"4423\"><h3 class=\"raven-post-title\"><a class=\"raven-post-title-link\" href=\"https:\/\/www.pontereale.com\/fr\/autres-fromages\/bufaleggio-180g-fr\/\">Le Bufaleggio &#8211; 180g<\/a><\/h3><\/div><\/div><\/div><\/div>\t\t\t<\/div>\n\t\t\t\t\t<\/div>\n\t\t\t\t\t\t<\/div>\n\t\t\t\t<\/div>\n\t\t\t\t\t<\/div>\n\t\t\t\t<\/div>\n\t\t\t\t<\/div>\n\t\t","protected":false},"excerpt":{"rendered":"<p>Autres fromages La cr\u00e8me, le c\u0153ur et l&rsquo;\u00e2me Des r\u00e9cits d&rsquo;un territoire, capable d&rsquo;offrir une exp\u00e9rience sensorielle qui m\u00eale douceur, intensit\u00e9 et une texture qui caresse le palais. Si c&rsquo;\u00e9tait un r\u00eave : Ce serait comme un doux r\u00e9veil par une matin\u00e9e ensoleill\u00e9e. Une r\u00eaverie o\u00f9 le go\u00fbt le plus authentique devient messager de bonheur. [&hellip;]<\/p>\n","protected":false},"author":1,"featured_media":0,"parent":4179,"menu_order":0,"comment_status":"closed","ping_status":"closed","template":"elementor_header_footer","meta":{"_acf_changed":false,"footnotes":""},"class_list":["post-4189","page","type-page","status-publish","hentry"],"acf":[],"_links":{"self":[{"href":"https:\/\/www.pontereale.com\/fr\/wp-json\/wp\/v2\/pages\/4189","targetHints":{"allow":["GET"]}}],"collection":[{"href":"https:\/\/www.pontereale.com\/fr\/wp-json\/wp\/v2\/pages"}],"about":[{"href":"https:\/\/www.pontereale.com\/fr\/wp-json\/wp\/v2\/types\/page"}],"author":[{"embeddable":true,"href":"https:\/\/www.pontereale.com\/fr\/wp-json\/wp\/v2\/users\/1"}],"replies":[{"embeddable":true,"href":"https:\/\/www.pontereale.com\/fr\/wp-json\/wp\/v2\/comments?post=4189"}],"version-history":[{"count":0,"href":"https:\/\/www.pontereale.com\/fr\/wp-json\/wp\/v2\/pages\/4189\/revisions"}],"up":[{"embeddable":true,"href":"https:\/\/www.pontereale.com\/fr\/wp-json\/wp\/v2\/pages\/4179"}],"wp:attachment":[{"href":"https:\/\/www.pontereale.com\/fr\/wp-json\/wp\/v2\/media?parent=4189"}],"curies":[{"name":"wp","href":"https:\/\/api.w.org\/{rel}","templated":true}]}}