{"id":4209,"date":"2025-05-20T13:14:42","date_gmt":"2025-05-20T11:14:42","guid":{"rendered":"https:\/\/www.pontereale.com\/catalogue-de-produits\/burrate-e-stracciatella\/"},"modified":"2026-01-28T10:12:54","modified_gmt":"2026-01-28T09:12:54","slug":"burrata-et-stracciatella","status":"publish","type":"page","link":"https:\/\/www.pontereale.com\/fr\/catalogue-de-produits\/burrata-et-stracciatella\/","title":{"rendered":"Burrata et Stracciatella"},"content":{"rendered":"\t\t<div data-elementor-type=\"wp-page\" data-elementor-id=\"4209\" class=\"elementor elementor-4209 elementor-1677\">\n\t\t\t\t<div class=\"elementor-element elementor-element-dda1899 e-con-full e-flex e-con e-child\" data-id=\"dda1899\" data-element_type=\"container\" data-e-type=\"container\" data-settings=\"{&quot;background_background&quot;:&quot;classic&quot;,&quot;shape_divider_bottom&quot;:&quot;curve&quot;}\">\n\t\t\t\t<div class=\"elementor-shape elementor-shape-bottom\" aria-hidden=\"true\" data-negative=\"false\">\n\t\t\t<svg xmlns=\"http:\/\/www.w3.org\/2000\/svg\" viewBox=\"0 0 1000 100\" preserveAspectRatio=\"none\">\n    <path class=\"elementor-shape-fill\" d=\"M1000,4.3V0H0v4.3C0.9,23.1,126.7,99.2,500,100S1000,22.7,1000,4.3z\"\/>\n<\/svg>\t\t<\/div>\n\t\t<div class=\"elementor-element elementor-element-5eddc06 e-flex e-con-boxed e-con e-child\" data-id=\"5eddc06\" data-element_type=\"container\" data-e-type=\"container\" data-settings=\"{&quot;background_background&quot;:&quot;classic&quot;}\">\n\t\t\t\t\t<div class=\"e-con-inner\">\n\t\t\t\t<div class=\"elementor-element elementor-element-c434628 elementor-invisible elementor-widget elementor-widget-image\" data-id=\"c434628\" data-element_type=\"widget\" data-e-type=\"widget\" data-settings=\"{&quot;raven_motion_effects_scrolling&quot;:&quot;yes&quot;,&quot;raven_motion_effects_scale_fx&quot;:&quot;yes&quot;,&quot;raven_motion_effects_scale_fx_intensity&quot;:{&quot;unit&quot;:&quot;px&quot;,&quot;size&quot;:1,&quot;sizes&quot;:[]},&quot;_animation&quot;:&quot;fadeIn&quot;,&quot;raven_motion_effects_scale_fx_direction&quot;:&quot;out-in&quot;,&quot;raven_motion_effects_scale_fx_viewport&quot;:{&quot;unit&quot;:&quot;%&quot;,&quot;size&quot;:&quot;&quot;,&quot;sizes&quot;:{&quot;start&quot;:20,&quot;end&quot;:80}},&quot;raven_motion_effects_devices&quot;:[&quot;widescreen&quot;,&quot;desktop&quot;,&quot;laptop&quot;,&quot;tablet_extra&quot;,&quot;tablet&quot;,&quot;mobile_extra&quot;,&quot;mobile&quot;]}\" data-widget_type=\"image.default\">\n\t\t\t\t<div class=\"elementor-widget-container\">\n\t\t\t\t\t\t\t\t\t\t\t\t\t\t\t<img fetchpriority=\"high\" decoding=\"async\" width=\"1200\" height=\"800\" src=\"https:\/\/www.pontereale.com\/wp-content\/uploads\/2025\/04\/burrata-stracciatella-home.webp\" class=\"attachment-full size-full wp-image-4219\" alt=\"\" srcset=\"https:\/\/www.pontereale.com\/wp-content\/uploads\/2025\/04\/burrata-stracciatella-home.webp 1200w, https:\/\/www.pontereale.com\/wp-content\/uploads\/2025\/04\/burrata-stracciatella-home-600x400.webp 600w, https:\/\/www.pontereale.com\/wp-content\/uploads\/2025\/04\/burrata-stracciatella-home-300x200.webp 300w, https:\/\/www.pontereale.com\/wp-content\/uploads\/2025\/04\/burrata-stracciatella-home-1024x683.webp 1024w, https:\/\/www.pontereale.com\/wp-content\/uploads\/2025\/04\/burrata-stracciatella-home-768x512.webp 768w\" sizes=\"(max-width: 1200px) 100vw, 1200px\" \/>\t\t\t\t\t\t\t\t\t\t\t\t\t\t\t<\/div>\n\t\t\t\t<\/div>\n\t\t\t\t\t<\/div>\n\t\t\t\t<\/div>\n\t\t\t\t<\/div>\n\t\t<div class=\"elementor-element elementor-element-dacbbe3 e-flex e-con-boxed e-con e-parent\" data-id=\"dacbbe3\" data-element_type=\"container\" data-e-type=\"container\">\n\t\t\t\t\t<div class=\"e-con-inner\">\n\t\t\t\t<div class=\"elementor-element elementor-element-c5ad0de elementor-invisible elementor-widget elementor-widget-heading\" data-id=\"c5ad0de\" data-element_type=\"widget\" data-e-type=\"widget\" data-settings=\"{&quot;_animation&quot;:&quot;fadeIn&quot;}\" data-widget_type=\"heading.default\">\n\t\t\t\t<div class=\"elementor-widget-container\">\n\t\t\t\t\t<h1 class=\"elementor-heading-title elementor-size-default\">Burrata et Stracciatella<\/h1>\t\t\t\t<\/div>\n\t\t\t\t<\/div>\n\t\t\t\t\t<\/div>\n\t\t\t\t<\/div>\n\t\t<div class=\"elementor-element elementor-element-a8a0d7c e-flex e-con-boxed e-con e-parent\" data-id=\"a8a0d7c\" data-element_type=\"container\" data-e-type=\"container\" data-settings=\"{&quot;shape_divider_bottom&quot;:&quot;curve&quot;,&quot;shape_divider_bottom_negative&quot;:&quot;yes&quot;}\">\n\t\t\t\t\t<div class=\"e-con-inner\">\n\t\t\t\t<div class=\"elementor-shape elementor-shape-bottom\" aria-hidden=\"true\" data-negative=\"true\">\n\t\t\t<svg xmlns=\"http:\/\/www.w3.org\/2000\/svg\" viewBox=\"0 0 1000 100\" preserveAspectRatio=\"none\">\n\t<path class=\"elementor-shape-fill\" d=\"M500,97C126.7,96.3,0.8,19.8,0,0v100l1000,0V1C1000,19.4,873.3,97.8,500,97z\"\/>\n<\/svg>\t\t<\/div>\n\t\t<div class=\"elementor-element elementor-element-514ed94 e-con-full e-flex e-con e-child\" data-id=\"514ed94\" data-element_type=\"container\" data-e-type=\"container\">\n\t\t\t\t<div class=\"elementor-element elementor-element-81cfcaf elementor-invisible elementor-widget elementor-widget-heading\" data-id=\"81cfcaf\" data-element_type=\"widget\" data-e-type=\"widget\" data-settings=\"{&quot;_animation&quot;:&quot;fadeIn&quot;}\" data-widget_type=\"heading.default\">\n\t\t\t\t<div class=\"elementor-widget-container\">\n\t\t\t\t\t<h2 class=\"elementor-heading-title elementor-size-default\">Le Fiordilatte qui ne se trompe jamais<\/h2>\t\t\t\t<\/div>\n\t\t\t\t<\/div>\n\t\t\t\t<div class=\"elementor-element elementor-element-d3a74a0 elementor-invisible elementor-widget elementor-widget-text-editor\" data-id=\"d3a74a0\" data-element_type=\"widget\" data-e-type=\"widget\" data-settings=\"{&quot;_animation&quot;:&quot;fadeIn&quot;}\" data-widget_type=\"text-editor.default\">\n\t\t\t\t<div class=\"elementor-widget-container\">\n\t\t\t\t\t\t\t\t\t<p>Peut-\u00eatre le grand classique : polyvalente et savoureuse. Si elle fait partie des plus appr\u00e9ci\u00e9es, c\u2019est parce qu\u2019elle est une valeur s\u00fbre.<\/p>\t\t\t\t\t\t\t\t<\/div>\n\t\t\t\t<\/div>\n\t\t\t\t<div class=\"elementor-element elementor-element-7ca4745 elementor-widget elementor-widget-image\" data-id=\"7ca4745\" data-element_type=\"widget\" data-e-type=\"widget\" data-widget_type=\"image.default\">\n\t\t\t\t<div class=\"elementor-widget-container\">\n\t\t\t\t\t\t\t\t\t\t\t\t\t\t\t<img decoding=\"async\" width=\"1080\" height=\"1080\" src=\"https:\/\/www.pontereale.com\/wp-content\/uploads\/2025\/05\/bufala-walkman-1.webp\" class=\"attachment-full size-full wp-image-4133\" alt=\"\" srcset=\"https:\/\/www.pontereale.com\/wp-content\/uploads\/2025\/05\/bufala-walkman-1.webp 1080w, https:\/\/www.pontereale.com\/wp-content\/uploads\/2025\/05\/bufala-walkman-1-300x300.webp 300w, https:\/\/www.pontereale.com\/wp-content\/uploads\/2025\/05\/bufala-walkman-1-100x100.webp 100w, https:\/\/www.pontereale.com\/wp-content\/uploads\/2025\/05\/bufala-walkman-1-600x600.webp 600w, https:\/\/www.pontereale.com\/wp-content\/uploads\/2025\/05\/bufala-walkman-1-1024x1024.webp 1024w, https:\/\/www.pontereale.com\/wp-content\/uploads\/2025\/05\/bufala-walkman-1-150x150.webp 150w, https:\/\/www.pontereale.com\/wp-content\/uploads\/2025\/05\/bufala-walkman-1-768x768.webp 768w, https:\/\/www.pontereale.com\/wp-content\/uploads\/2025\/05\/bufala-walkman-1-500x500.webp 500w\" sizes=\"(max-width: 1080px) 100vw, 1080px\" \/>\t\t\t\t\t\t\t\t\t\t\t\t\t\t\t<\/div>\n\t\t\t\t<\/div>\n\t\t\t\t<\/div>\n\t\t<div class=\"elementor-element elementor-element-9c2c7a6 e-con-full e-flex e-con e-child\" data-id=\"9c2c7a6\" data-element_type=\"container\" data-e-type=\"container\">\n\t\t\t\t<div class=\"elementor-element elementor-element-70ff692 elementor-widget elementor-widget-image\" data-id=\"70ff692\" data-element_type=\"widget\" data-e-type=\"widget\" data-widget_type=\"image.default\">\n\t\t\t\t<div class=\"elementor-widget-container\">\n\t\t\t\t\t\t\t\t\t\t\t\t\t\t\t<img decoding=\"async\" width=\"1200\" height=\"739\" src=\"https:\/\/www.pontereale.com\/wp-content\/uploads\/2025\/05\/bufala-podio.webp\" class=\"attachment-full size-full wp-image-4095\" alt=\"\" srcset=\"https:\/\/www.pontereale.com\/wp-content\/uploads\/2025\/05\/bufala-podio.webp 1200w, https:\/\/www.pontereale.com\/wp-content\/uploads\/2025\/05\/bufala-podio-600x370.webp 600w, https:\/\/www.pontereale.com\/wp-content\/uploads\/2025\/05\/bufala-podio-300x185.webp 300w, https:\/\/www.pontereale.com\/wp-content\/uploads\/2025\/05\/bufala-podio-1024x631.webp 1024w, https:\/\/www.pontereale.com\/wp-content\/uploads\/2025\/05\/bufala-podio-768x473.webp 768w\" sizes=\"(max-width: 1200px) 100vw, 1200px\" \/>\t\t\t\t\t\t\t\t\t\t\t\t\t\t\t<\/div>\n\t\t\t\t<\/div>\n\t\t\t\t<\/div>\n\t\t\t\t\t<\/div>\n\t\t\t\t<\/div>\n\t\t<div class=\"elementor-element elementor-element-ef61c3b e-flex e-con-boxed e-con e-parent\" data-id=\"ef61c3b\" data-element_type=\"container\" data-e-type=\"container\" data-settings=\"{&quot;background_background&quot;:&quot;classic&quot;}\">\n\t\t\t\t\t<div class=\"e-con-inner\">\n\t\t\t\t<div class=\"elementor-element elementor-element-e06b71d elementor-icon-list--layout-inline elementor-mobile-align-center elementor-align-center elementor-tablet-align-center elementor-list-item-link-full_width elementor-widget elementor-widget-icon-list\" data-id=\"e06b71d\" data-element_type=\"widget\" data-e-type=\"widget\" data-widget_type=\"icon-list.default\">\n\t\t\t\t<div class=\"elementor-widget-container\">\n\t\t\t\t\t\t\t<ul class=\"elementor-icon-list-items elementor-inline-items\">\n\t\t\t\t\t\t\t<li class=\"elementor-icon-list-item elementor-inline-item\">\n\t\t\t\t\t\t\t\t\t\t\t<a href=\"https:\/\/www.pontereale.com\/fr\/\">\n\n\t\t\t\t\t\t\t\t\t\t\t\t<span class=\"elementor-icon-list-icon\">\n\t\t\t\t\t\t\t<svg aria-hidden=\"true\" class=\"e-font-icon-svg e-fas-chevron-right\" viewBox=\"0 0 320 512\" xmlns=\"http:\/\/www.w3.org\/2000\/svg\"><path d=\"M285.476 272.971L91.132 467.314c-9.373 9.373-24.569 9.373-33.941 0l-22.667-22.667c-9.357-9.357-9.375-24.522-.04-33.901L188.505 256 34.484 101.255c-9.335-9.379-9.317-24.544.04-33.901l22.667-22.667c9.373-9.373 24.569-9.373 33.941 0L285.475 239.03c9.373 9.372 9.373 24.568.001 33.941z\"><\/path><\/svg>\t\t\t\t\t\t<\/span>\n\t\t\t\t\t\t\t\t\t\t<span class=\"elementor-icon-list-text\">Accueil<\/span>\n\t\t\t\t\t\t\t\t\t\t\t<\/a>\n\t\t\t\t\t\t\t\t\t<\/li>\n\t\t\t\t\t\t\t\t<li class=\"elementor-icon-list-item elementor-inline-item\">\n\t\t\t\t\t\t\t\t\t\t\t<a href=\"https:\/\/www.pontereale.com\/fr\/catalogue-de-produits\/\">\n\n\t\t\t\t\t\t\t\t\t\t\t\t<span class=\"elementor-icon-list-icon\">\n\t\t\t\t\t\t\t<svg aria-hidden=\"true\" class=\"e-font-icon-svg e-fas-chevron-right\" viewBox=\"0 0 320 512\" xmlns=\"http:\/\/www.w3.org\/2000\/svg\"><path d=\"M285.476 272.971L91.132 467.314c-9.373 9.373-24.569 9.373-33.941 0l-22.667-22.667c-9.357-9.357-9.375-24.522-.04-33.901L188.505 256 34.484 101.255c-9.335-9.379-9.317-24.544.04-33.901l22.667-22.667c9.373-9.373 24.569-9.373 33.941 0L285.475 239.03c9.373 9.372 9.373 24.568.001 33.941z\"><\/path><\/svg>\t\t\t\t\t\t<\/span>\n\t\t\t\t\t\t\t\t\t\t<span class=\"elementor-icon-list-text\">Tous les produits<\/span>\n\t\t\t\t\t\t\t\t\t\t\t<\/a>\n\t\t\t\t\t\t\t\t\t<\/li>\n\t\t\t\t\t\t\t\t<li class=\"elementor-icon-list-item elementor-inline-item\">\n\t\t\t\t\t\t\t\t\t\t\t<span class=\"elementor-icon-list-icon\">\n\t\t\t\t\t\t\t<svg aria-hidden=\"true\" class=\"e-font-icon-svg e-fas-chevron-right\" viewBox=\"0 0 320 512\" xmlns=\"http:\/\/www.w3.org\/2000\/svg\"><path d=\"M285.476 272.971L91.132 467.314c-9.373 9.373-24.569 9.373-33.941 0l-22.667-22.667c-9.357-9.357-9.375-24.522-.04-33.901L188.505 256 34.484 101.255c-9.335-9.379-9.317-24.544.04-33.901l22.667-22.667c9.373-9.373 24.569-9.373 33.941 0L285.475 239.03c9.373 9.372 9.373 24.568.001 33.941z\"><\/path><\/svg>\t\t\t\t\t\t<\/span>\n\t\t\t\t\t\t\t\t\t\t<span class=\"elementor-icon-list-text\"><strong>Burrata et Stracciatella<\/strong><\/span>\n\t\t\t\t\t\t\t\t\t<\/li>\n\t\t\t\t\t\t<\/ul>\n\t\t\t\t\t\t<\/div>\n\t\t\t\t<\/div>\n\t\t\t\t<div class=\"elementor-element elementor-element-1f69862 elementor-invisible elementor-widget elementor-widget-heading\" data-id=\"1f69862\" data-element_type=\"widget\" data-e-type=\"widget\" data-settings=\"{&quot;_animation&quot;:&quot;fadeIn&quot;}\" data-widget_type=\"heading.default\">\n\t\t\t\t<div class=\"elementor-widget-container\">\n\t\t\t\t\t<h1 class=\"elementor-heading-title elementor-size-default\">Polyvalent et savoureux<\/h1>\t\t\t\t<\/div>\n\t\t\t\t<\/div>\n\t\t\t\t<div class=\"elementor-element elementor-element-263e27b elementor-widget elementor-widget-raven-advanced-posts\" data-id=\"263e27b\" data-element_type=\"widget\" data-e-type=\"widget\" data-settings=\"{&quot;columns_tablet_extra&quot;:&quot;2&quot;,&quot;columns_mobile_extra&quot;:&quot;1&quot;,&quot;query_posts_per_page&quot;:-1,&quot;general_layout&quot;:&quot;grid&quot;,&quot;columns&quot;:&quot;3&quot;,&quot;columns_tablet&quot;:&quot;2&quot;,&quot;columns_mobile&quot;:&quot;1&quot;,&quot;query_orderby&quot;:&quot;date&quot;,&quot;query_offset&quot;:0}\" data-widget_type=\"raven-advanced-posts.default\">\n\t\t\t\t<div class=\"elementor-widget-container\">\n\t\t\t\t\t\t\t<div class=\"raven-posts raven-posts-grid\">\n\t\t\t\t\t\t<div class=\"advanced-posts-content content-layout-under-image raven-grid raven-grid-3 raven-grid-mobile-1 raven-grid-mobile_extra-1 raven-grid-tablet-2 raven-grid-tablet_extra-2 raven-grid-laptop- raven-grid-widescreen-  \" data-post-id=\"4209\" data-archive-query=\"\">\n\t\t\t\t<div class=\"raven-posts-item raven-grid-item  \"><div class=\"raven-post-wrapper \"><div class=\"raven-post  \"><div class=\"raven-post-content\" data-id=\"4482\"><h3 class=\"raven-post-title\"><a class=\"raven-post-title-link\" href=\"https:\/\/www.pontereale.com\/fr\/lait-de-vache\/burrata-100-lait-italien-4x50g\/\">Burrata 100% lait italien &#8211; 4x50g\u00a0<\/a><\/h3><\/div><\/div><\/div><\/div><div class=\"raven-posts-item raven-grid-item  \"><div class=\"raven-post-wrapper \"><div class=\"raven-post  \"><div class=\"raven-post-content\" data-id=\"4484\"><h3 class=\"raven-post-title\"><a class=\"raven-post-title-link\" href=\"https:\/\/www.pontereale.com\/fr\/lait-de-vache\/burrata-100-lait-italien-1x100g\/\">Burrata 100% lait italien &#8211; 1x100g\u00a0<\/a><\/h3><\/div><\/div><\/div><\/div><div class=\"raven-posts-item raven-grid-item  \"><div class=\"raven-post-wrapper \"><div class=\"raven-post  \"><div class=\"raven-post-content\" data-id=\"4486\"><h3 class=\"raven-post-title\"><a class=\"raven-post-title-link\" href=\"https:\/\/www.pontereale.com\/fr\/lait-de-vache\/burrata-100-lait-italien-1x125g\/\">Burrata 100% lait italien &#8211; 1x125g\u00a0<\/a><\/h3><\/div><\/div><\/div><\/div><div class=\"raven-posts-item raven-grid-item  \"><div class=\"raven-post-wrapper \"><div class=\"raven-post  \"><div class=\"raven-post-content\" data-id=\"4487\"><h3 class=\"raven-post-title\"><a class=\"raven-post-title-link\" href=\"https:\/\/www.pontereale.com\/fr\/lait-de-vache\/burrata-100-lait-italien-2x50g\/\">Burrata 100% lait italien &#8211; 2x50g\u00a0<\/a><\/h3><\/div><\/div><\/div><\/div><div class=\"raven-posts-item raven-grid-item  \"><div class=\"raven-post-wrapper \"><div class=\"raven-post  \"><div class=\"raven-post-content\" data-id=\"4490\"><h3 class=\"raven-post-title\"><a class=\"raven-post-title-link\" href=\"https:\/\/www.pontereale.com\/fr\/lait-de-vache\/burrata-100-lait-italien-1x200g\/\">Burrata 100% lait italien &#8211; 1x200g\u00a0<\/a><\/h3><\/div><\/div><\/div><\/div><div class=\"raven-posts-item raven-grid-item  \"><div class=\"raven-post-wrapper \"><div class=\"raven-post  \"><div class=\"raven-post-content\" data-id=\"4491\"><h3 class=\"raven-post-title\"><a class=\"raven-post-title-link\" href=\"https:\/\/www.pontereale.com\/fr\/lait-de-vache\/burrata-100-lait-italien-10x100g\/\">Burrata 100% lait italien &#8211; 10x100g<\/a><\/h3><\/div><\/div><\/div><\/div><div class=\"raven-posts-item raven-grid-item  \"><div class=\"raven-post-wrapper \"><div class=\"raven-post  \"><div class=\"raven-post-content\" data-id=\"4492\"><h3 class=\"raven-post-title\"><a class=\"raven-post-title-link\" href=\"https:\/\/www.pontereale.com\/fr\/lait-de-vache\/burrata-100-lait-italien-8x125g\/\">Burrata 100% lait italien &#8211; 8x125g<\/a><\/h3><\/div><\/div><\/div><\/div><div class=\"raven-posts-item raven-grid-item  \"><div class=\"raven-post-wrapper \"><div class=\"raven-post  \"><div class=\"raven-post-content\" data-id=\"4493\"><h3 class=\"raven-post-title\"><a class=\"raven-post-title-link\" href=\"https:\/\/www.pontereale.com\/fr\/lait-de-vache\/burrata-100-lait-italien-8x125g-2\/\">Burrata 100% lait italien &#8211; 8x125g\u00a0<\/a><\/h3><\/div><\/div><\/div><\/div><div class=\"raven-posts-item raven-grid-item  \"><div class=\"raven-post-wrapper \"><div class=\"raven-post  \"><div class=\"raven-post-content\" data-id=\"4494\"><h3 class=\"raven-post-title\"><a class=\"raven-post-title-link\" href=\"https:\/\/www.pontereale.com\/fr\/lait-de-vache\/burrata-100-lait-italien-10x100g-2\/\">Burrata 100% lait italien &#8211; 10x100g<\/a><\/h3><\/div><\/div><\/div><\/div><div class=\"raven-posts-item raven-grid-item  \"><div class=\"raven-post-wrapper \"><div class=\"raven-post  \"><div class=\"raven-post-content\" data-id=\"4495\"><h3 class=\"raven-post-title\"><a class=\"raven-post-title-link\" href=\"https:\/\/www.pontereale.com\/fr\/lait-de-vache\/burrata-100-lait-italien-20x50g\/\">Burrata 100% lait italien &#8211; 20x50g<\/a><\/h3><\/div><\/div><\/div><\/div><div class=\"raven-posts-item raven-grid-item  \"><div class=\"raven-post-wrapper \"><div class=\"raven-post  \"><div class=\"raven-post-content\" data-id=\"4496\"><h3 class=\"raven-post-title\"><a class=\"raven-post-title-link\" href=\"https:\/\/www.pontereale.com\/fr\/lait-de-vache\/stracciatella-100-lait-italien-150g\/\">Stracciatella 100% lait italien &#8211; 150g\u00a0<\/a><\/h3><\/div><\/div><\/div><\/div><div class=\"raven-posts-item raven-grid-item  \"><div class=\"raven-post-wrapper \"><div class=\"raven-post  \"><div class=\"raven-post-content\" data-id=\"4498\"><h3 class=\"raven-post-title\"><a class=\"raven-post-title-link\" href=\"https:\/\/www.pontereale.com\/fr\/lait-de-vache\/stracciatella-100-lait-italien-400g\/\">Stracciatella 100% lait italien &#8211; 400g\u00a0<\/a><\/h3><\/div><\/div><\/div><\/div><div class=\"raven-posts-item raven-grid-item  \"><div class=\"raven-post-wrapper \"><div class=\"raven-post  \"><div class=\"raven-post-content\" data-id=\"4499\"><h3 class=\"raven-post-title\"><a class=\"raven-post-title-link\" href=\"https:\/\/www.pontereale.com\/fr\/lait-de-vache\/stracciatella-100-lait-italien-1kg\/\">Stracciatella 100% lait italien &#8211; 1Kg<\/a><\/h3><\/div><\/div><\/div><\/div><div class=\"raven-posts-item raven-grid-item  \"><div class=\"raven-post-wrapper \"><div class=\"raven-post  \"><div class=\"raven-post-content\" data-id=\"4500\"><h3 class=\"raven-post-title\"><a class=\"raven-post-title-link\" href=\"https:\/\/www.pontereale.com\/fr\/lait-de-vache\/stracciatella-100-lait-italien-2kg\/\">Stracciatella 100% lait italien &#8211; 2Kg<\/a><\/h3><\/div><\/div><\/div><\/div>\t\t\t<\/div>\n\t\t\t\t\t<\/div>\n\t\t\t\t\t\t<\/div>\n\t\t\t\t<\/div>\n\t\t\t\t\t<\/div>\n\t\t\t\t<\/div>\n\t\t\t\t<\/div>\n\t\t","protected":false},"excerpt":{"rendered":"<p>Burrata et Stracciatella Le Fiordilatte qui ne se trompe jamais Peut-\u00eatre le grand classique : polyvalente et savoureuse. Si elle fait partie des plus appr\u00e9ci\u00e9es, c\u2019est parce qu\u2019elle est une valeur s\u00fbre. Accueil Tous les produits Polyvalent et savoureux Burrata 100% latte italiano &#8211; 4x50g\u00a0 Burrata 100% latte italiano &#8211; 1x100g\u00a0 Burrata 100% latte italiano [&hellip;]<\/p>\n","protected":false},"author":1,"featured_media":0,"parent":4179,"menu_order":0,"comment_status":"closed","ping_status":"closed","template":"elementor_header_footer","meta":{"_acf_changed":false,"footnotes":""},"class_list":["post-4209","page","type-page","status-publish","hentry"],"acf":[],"_links":{"self":[{"href":"https:\/\/www.pontereale.com\/fr\/wp-json\/wp\/v2\/pages\/4209","targetHints":{"allow":["GET"]}}],"collection":[{"href":"https:\/\/www.pontereale.com\/fr\/wp-json\/wp\/v2\/pages"}],"about":[{"href":"https:\/\/www.pontereale.com\/fr\/wp-json\/wp\/v2\/types\/page"}],"author":[{"embeddable":true,"href":"https:\/\/www.pontereale.com\/fr\/wp-json\/wp\/v2\/users\/1"}],"replies":[{"embeddable":true,"href":"https:\/\/www.pontereale.com\/fr\/wp-json\/wp\/v2\/comments?post=4209"}],"version-history":[{"count":0,"href":"https:\/\/www.pontereale.com\/fr\/wp-json\/wp\/v2\/pages\/4209\/revisions"}],"up":[{"embeddable":true,"href":"https:\/\/www.pontereale.com\/fr\/wp-json\/wp\/v2\/pages\/4179"}],"wp:attachment":[{"href":"https:\/\/www.pontereale.com\/fr\/wp-json\/wp\/v2\/media?parent=4209"}],"curies":[{"name":"wp","href":"https:\/\/api.w.org\/{rel}","templated":true}]}}